{"id":36613,"date":"2022-01-20T21:55:41","date_gmt":"2022-01-20T20:55:41","guid":{"rendered":"https:\/\/pascaljolivet.com\/?post_type=product&#038;p=36613"},"modified":"2025-07-18T14:20:26","modified_gmt":"2025-07-18T13:20:26","slug":"pouilly-fuma-indigeno","status":"publish","type":"product","link":"https:\/\/pascaljolivet.com\/it\/produits\/vins\/pure-expression\/pouilly-fume-indigene\/","title":{"rendered":"Pouilly Fum\u00e9 \u201cNativo\u201d"},"content":{"rendered":"<p>Una selezione di appezzamenti nel cuore del villaggio di Tracy-sur-Loire. Vecchie vigne di Sauvignon Blanc su un terroir di pura selce. Affinato su fecce fini (in vasche di acciaio inox a temperatura controllata) per 12 mesi, imbottigliato senza filtrazione n\u00e9 refrigerazione. &quot;Indig\u00e8ne&quot; prende il nome dai lieviti naturalmente presenti nelle uve. Questo vino \u00e8 potente, corposo, minerale, fine ed elegante. Si distingue per il suo naso di &quot;selce&quot;, tipico del terroir di selce di Pouilly. Un vino davvero grandioso.<\/p>","protected":false},"excerpt":{"rendered":"<h5>Pouilly Fum\u00e9 \u00abIndig\u00e8ne\u00bb 2022 (AOP Pouilly Fum\u00e9)<\/h5>\n<p>La purezza di un grande Sauvignon Blanc della denominazione Pouilly Fum\u00e9.<\/p>\n<h6>64\u20ac<\/h6>","protected":false},"featured_media":92595,"template":"","meta":{"_acf_changed":false,"_seopress_robots_primary_cat":"none","_seopress_titles_title":"","_seopress_titles_desc":"","_seopress_robots_index":"","inline_featured_image":false},"product_brand":[],"product_cat":[163,155],"product_tag":[168,177,167],"class_list":{"0":"post-36613","1":"product","2":"type-product","3":"status-publish","4":"has-post-thumbnail","6":"product_cat-pure-expression","7":"product_cat-vins","8":"product_tag-blanc","9":"product_tag-pouilly-fume","10":"product_tag-sauvignon","12":"first","13":"instock","14":"taxable","15":"shipping-taxable","16":"purchasable","17":"product-type-variable","18":"has-default-attributes"},"acf":[],"_links":{"self":[{"href":"https:\/\/pascaljolivet.com\/it\/wp-json\/wp\/v2\/product\/36613","targetHints":{"allow":["GET"]}}],"collection":[{"href":"https:\/\/pascaljolivet.com\/it\/wp-json\/wp\/v2\/product"}],"about":[{"href":"https:\/\/pascaljolivet.com\/it\/wp-json\/wp\/v2\/types\/product"}],"wp:featuredmedia":[{"embeddable":true,"href":"https:\/\/pascaljolivet.com\/it\/wp-json\/wp\/v2\/media\/92595"}],"wp:attachment":[{"href":"https:\/\/pascaljolivet.com\/it\/wp-json\/wp\/v2\/media?parent=36613"}],"wp:term":[{"taxonomy":"product_brand","embeddable":true,"href":"https:\/\/pascaljolivet.com\/it\/wp-json\/wp\/v2\/product_brand?post=36613"},{"taxonomy":"product_cat","embeddable":true,"href":"https:\/\/pascaljolivet.com\/it\/wp-json\/wp\/v2\/product_cat?post=36613"},{"taxonomy":"product_tag","embeddable":true,"href":"https:\/\/pascaljolivet.com\/it\/wp-json\/wp\/v2\/product_tag?post=36613"}],"curies":[{"name":"parola chiave","href":"https:\/\/api.w.org\/{rel}","templated":true}]}}