{"id":36552,"date":"2021-01-12T16:15:07","date_gmt":"2021-01-12T15:15:07","guid":{"rendered":"https:\/\/pascaljolivet.com\/gift-card-balance\/"},"modified":"2021-09-17T14:33:27","modified_gmt":"2021-09-17T13:33:27","slug":"offerta-usa-carta-regalo","status":"publish","type":"page","link":"https:\/\/pascaljolivet.com\/it\/boutique\/offrir-utiliser-carte-cadeau\/","title":{"rendered":"Carta regalo"},"content":{"rendered":"\n<h1>\n\t\t\n\t<\/h1>\n\t<a href=\"https:\/\/pascaljolivet.com\/\">Accueil<\/a>  <a href=\"https:\/\/pascaljolivet.com\/boutique\/\">Boutique<\/a>  Carte cadeau\n\t\t\t<a href=\"#offrir\" target=\"_self\" rel=\"noopener\">\n\t\t<h4>Offrir une carte cadeau<\/h4>\n\t\t<\/a>\n\t\t\t<a href=\"#recevoir\" target=\"_self\" rel=\"noopener\">\n\t\t<h4>J&rsquo;ai re\u00e7u une carte cadeau<\/h4>\n\t\t<\/a>\n<h2>\n\t\tOffrez une carte cadeau\n\t<\/h2>\n\t\t\t<ul>\n<li id=\"woopack-product-36677\"  data-product-id=\"36677\">\n\t<a href=\"https:\/\/pascaljolivet.com\/boutique\/carte-cadeau-decouverte\/\" rel=\"bookmark\" title=\"Carte cadeau &#8220;D\u00e9couverte&#8221;\">\n\t\t\t<img decoding=\"async\" width=\"300\" height=\"225\" src=\"https:\/\/pascaljolivet.com\/wp-content\/uploads\/2021\/01\/smartmockups-kju845ta-300x225.jpg\" alt=\"\" loading=\"lazy\" data-no-lazy=\"1\" srcset=\"https:\/\/pascaljolivet.com\/wp-content\/uploads\/2021\/01\/smartmockups-kju845ta-300x225.jpg 300w, https:\/\/pascaljolivet.com\/wp-content\/uploads\/2021\/01\/smartmockups-kju845ta-1024x768.jpg 1024w, https:\/\/pascaljolivet.com\/wp-content\/uploads\/2021\/01\/smartmockups-kju845ta-768x576.jpg 768w, https:\/\/pascaljolivet.com\/wp-content\/uploads\/2021\/01\/smartmockups-kju845ta-1536x1152.jpg 1536w, https:\/\/pascaljolivet.com\/wp-content\/uploads\/2021\/01\/smartmockups-kju845ta-600x450.jpg 600w, https:\/\/pascaljolivet.com\/wp-content\/uploads\/2021\/01\/smartmockups-kju845ta-e1611048583491.jpg 1500w\" sizes=\"auto, (max-width: 300px) 100vw, 300px\" \/>\n\t\t\t\t\t<\/a>\n<h2>\n\t<a href=\"https:\/\/pascaljolivet.com\/boutique\/carte-cadeau-decouverte\/\" rel=\"bookmark\" title=\"Carte cadeau &#8220;D\u00e9couverte&#8221;\">\n\t\tCarte cadeau &#8220;D\u00e9couverte&#8221;\t<\/a>\n<\/h2>\n\t<bdi>100.00&euro;<\/bdi>\n\tVous souhaitez faire plaisir mais vous ne savez pas quoi choisir ?<br \/>\nOptez pour une carte cadeau !\n\t\t\t\t\t<a href=\"https:\/\/pascaljolivet.com\/boutique\/carte-cadeau-decouverte\/\" rel=\"bookmark noopener\" target=\"_self\" title=\"Carte cadeau &#8220;D\u00e9couverte&#8221;\">D\u00e9couvrir<\/a>\n<\/li>\n<li id=\"woopack-product-36687\"  data-product-id=\"36687\">\n\t<a href=\"https:\/\/pascaljolivet.com\/boutique\/carte-cadeau-emotion\/\" rel=\"bookmark\" title=\"Carte cadeau &#8220;Emotion&#8221;\">\n\t\t\t<img decoding=\"async\" width=\"300\" height=\"225\" src=\"https:\/\/pascaljolivet.com\/wp-content\/uploads\/2021\/01\/smartmockups-kju845ta-300x225.jpg\" alt=\"\" loading=\"lazy\" data-no-lazy=\"1\" srcset=\"https:\/\/pascaljolivet.com\/wp-content\/uploads\/2021\/01\/smartmockups-kju845ta-300x225.jpg 300w, https:\/\/pascaljolivet.com\/wp-content\/uploads\/2021\/01\/smartmockups-kju845ta-1024x768.jpg 1024w, https:\/\/pascaljolivet.com\/wp-content\/uploads\/2021\/01\/smartmockups-kju845ta-768x576.jpg 768w, https:\/\/pascaljolivet.com\/wp-content\/uploads\/2021\/01\/smartmockups-kju845ta-1536x1152.jpg 1536w, https:\/\/pascaljolivet.com\/wp-content\/uploads\/2021\/01\/smartmockups-kju845ta-600x450.jpg 600w, https:\/\/pascaljolivet.com\/wp-content\/uploads\/2021\/01\/smartmockups-kju845ta-e1611048583491.jpg 1500w\" sizes=\"auto, (max-width: 300px) 100vw, 300px\" \/>\n\t\t\t\t\t<\/a>\n<h2>\n\t<a href=\"https:\/\/pascaljolivet.com\/boutique\/carte-cadeau-emotion\/\" rel=\"bookmark\" title=\"Carte cadeau &#8220;Emotion&#8221;\">\n\t\tCarte cadeau &#8220;Emotion&#8221;\t<\/a>\n<\/h2>\n\t<bdi>200.00&euro;<\/bdi>\n\tVous souhaitez faire plaisir mais vous ne savez pas quoi choisir ?<br \/>\nOptez pour une carte cadeau !\n\t\t\t\t\t<a href=\"https:\/\/pascaljolivet.com\/boutique\/carte-cadeau-emotion\/\" rel=\"bookmark noopener\" target=\"_self\" title=\"Carte cadeau &#8220;Emotion&#8221;\">D\u00e9couvrir<\/a>\n<\/li>\n<li id=\"woopack-product-36688\"  data-product-id=\"36688\">\n\t<a href=\"https:\/\/pascaljolivet.com\/boutique\/carte-cadeau-sensation\/\" rel=\"bookmark\" title=\"Carte cadeau &#8220;Sensation&#8221;\">\n\t\t\t<img decoding=\"async\" width=\"300\" height=\"225\" src=\"https:\/\/pascaljolivet.com\/wp-content\/uploads\/2021\/01\/smartmockups-kju845ta-300x225.jpg\" alt=\"\" loading=\"lazy\" data-no-lazy=\"1\" srcset=\"https:\/\/pascaljolivet.com\/wp-content\/uploads\/2021\/01\/smartmockups-kju845ta-300x225.jpg 300w, https:\/\/pascaljolivet.com\/wp-content\/uploads\/2021\/01\/smartmockups-kju845ta-1024x768.jpg 1024w, https:\/\/pascaljolivet.com\/wp-content\/uploads\/2021\/01\/smartmockups-kju845ta-768x576.jpg 768w, https:\/\/pascaljolivet.com\/wp-content\/uploads\/2021\/01\/smartmockups-kju845ta-1536x1152.jpg 1536w, https:\/\/pascaljolivet.com\/wp-content\/uploads\/2021\/01\/smartmockups-kju845ta-600x450.jpg 600w, https:\/\/pascaljolivet.com\/wp-content\/uploads\/2021\/01\/smartmockups-kju845ta-e1611048583491.jpg 1500w\" sizes=\"auto, (max-width: 300px) 100vw, 300px\" \/>\n\t\t\t\t\t<\/a>\n<h2>\n\t<a href=\"https:\/\/pascaljolivet.com\/boutique\/carte-cadeau-sensation\/\" rel=\"bookmark\" title=\"Carte cadeau &#8220;Sensation&#8221;\">\n\t\tCarte cadeau &#8220;Sensation&#8221;\t<\/a>\n<\/h2>\n\t<bdi>500.00&euro;<\/bdi>\n\tVous souhaitez faire plaisir mais vous ne savez pas quoi choisir ?<br \/>\nOptez pour une carte cadeau !\n\t\t\t\t\t<a href=\"https:\/\/pascaljolivet.com\/boutique\/carte-cadeau-sensation\/\" rel=\"bookmark noopener\" target=\"_self\" title=\"Carte cadeau &#8220;Sensation&#8221;\">D\u00e9couvrir<\/a>\n<\/li>\n\t\t\t\t<li><\/li>\n\t\t\t<\/ul>\n\t<h2>\n\t\tVous avez re\u00e7u une carte cadeau ?\n\t<\/h2>\n\t<h4><strong>V\u00c9RIFIER MA CARTE<\/strong><\/h4>\n<p>[mwb_check_your_gift_card_balance]<\/p>\n\t<h4><strong>BON \u00c0 SAVOIR<\/strong><\/h4>\n<p>Vous pouvez utiliser votre carte cadeau en une ou plusieurs fois. Si la somme globale de votre panier + frais de port d\u00e9passe le montant de votre carte cadeau, le montant de la carte cadeau se d\u00e9duit automatiquement du montant restant \u00e0 payer.<\/p>\n<p>Les frais de port ne sont pas int\u00e9gr\u00e9s au prix des produits et sont calcul\u00e9s au moment du paiement<\/p>\n\n","protected":false},"excerpt":{"rendered":"<p>Home Negozio Carta Regalo Regala una Carta Regalo Ho ricevuto una carta regalo Regala una carta regalo Carta Regalo \u201cDiscovery\u201d \u20ac100,00 Vuoi fare un regalo ma non sai cosa scegliere? Opta per una carta regalo! Scopri Carta Regalo \u201cEmotion\u201d \u20ac200,00 Vuoi fare un regalo ma non sai cosa scegliere\u2026<\/p>","protected":false},"author":2,"featured_media":0,"parent":36345,"menu_order":0,"comment_status":"closed","ping_status":"closed","template":"","meta":{"_acf_changed":false,"_seopress_robots_primary_cat":"","_seopress_titles_title":"","_seopress_titles_desc":"","_seopress_robots_index":"","inline_featured_image":false,"footnotes":""},"class_list":["post-36552","page","type-page","status-publish","hentry"],"acf":[],"_links":{"self":[{"href":"https:\/\/pascaljolivet.com\/it\/wp-json\/wp\/v2\/pages\/36552","targetHints":{"allow":["GET"]}}],"collection":[{"href":"https:\/\/pascaljolivet.com\/it\/wp-json\/wp\/v2\/pages"}],"about":[{"href":"https:\/\/pascaljolivet.com\/it\/wp-json\/wp\/v2\/types\/page"}],"author":[{"embeddable":true,"href":"https:\/\/pascaljolivet.com\/it\/wp-json\/wp\/v2\/users\/2"}],"replies":[{"embeddable":true,"href":"https:\/\/pascaljolivet.com\/it\/wp-json\/wp\/v2\/comments?post=36552"}],"version-history":[{"count":0,"href":"https:\/\/pascaljolivet.com\/it\/wp-json\/wp\/v2\/pages\/36552\/revisions"}],"up":[{"embeddable":true,"href":"https:\/\/pascaljolivet.com\/it\/wp-json\/wp\/v2\/pages\/36345"}],"wp:attachment":[{"href":"https:\/\/pascaljolivet.com\/it\/wp-json\/wp\/v2\/media?parent=36552"}],"curies":[{"name":"parola chiave","href":"https:\/\/api.w.org\/{rel}","templated":true}]}}