{"id":3580,"date":"2017-02-20T17:32:11","date_gmt":"2017-02-20T16:32:11","guid":{"rendered":"http:\/\/dev.bikloz.net\/?page_id=3580"},"modified":"2025-03-31T15:45:58","modified_gmt":"2025-03-31T14:45:58","slug":"sancerre-pouilly-fume","status":"publish","type":"page","link":"https:\/\/pascaljolivet.com\/it\/vins\/sancerre-pouilly-fume\/","title":{"rendered":"Sancerre \u2013 Pouilly Fum\u00e9"},"content":{"rendered":"<h1>\n\t\tSANCERRE &#8211; POUILLY FUM\u00c9\n\t<\/h1>\n\t\t\tFIRMA\n\t\t\t<p>L&rsquo;origine des diff\u00e9rents terroirs &#8211; calcaires, argiles et silex, les levures 100 % indig\u00e8nes et les fermentations lentes produisent des vins d&rsquo;une finesse et d&rsquo;une min\u00e9ralit\u00e9 uniques avec une acidit\u00e9 toujours extr\u00eamement bien int\u00e9gr\u00e9e.<\/p>\n\t\t\t\t\t\t<a href=\"https:\/\/pascaljolivet.com\/it\/nos-vins\/firma\/\" target=\"_self\" role=\"button\">\n\t\t\t\tScopri questa gamma\t\t\t<\/a>\n\t\t\tLes Caillottes-Terres Blanches\n\t\t\t<p>Chaque terroir a sa propre identit\u00e9. Ces deux vins expriment les caract\u00e9ristiques du calcaire du Sancerre et de l&rsquo;argilo-calcaire du Pouilly Fum\u00e9.<\/p>\n\t\t\t\t\t\t<a href=\"https:\/\/pascaljolivet.com\/it\/nos-vins\/la-terra-bianca-si-coagula\/\" target=\"_self\" role=\"button\">\n\t\t\t\tScopri questa gamma\t\t\t<\/a>\n\t\t\tLe trame\n\t\t\t<p>Le domaine de la Maison Pascal Jolivet s&rsquo;est constitu\u00e9 au fil des ann\u00e9es suite \u00e0 l&rsquo;achat de parcelles figurant parmi les plus beaux terroirs du Sancerrois.<\/p>\n\t\t\t\t\t\t<a href=\"https:\/\/pascaljolivet.com\/it\/nos-vins\/le-trame\/\" target=\"_self\" role=\"button\">\n\t\t\t\tScopri questa gamma\t\t\t<\/a>\n\t\t\tEspressione pura\n\t\t\t<p>Ces vins sont le fruit d&rsquo;une philosophie, d&rsquo;une \u00e9thique <br \/>mais surtout l&rsquo;expression de deux grands terroirs.<\/p>\n\t\t\t\t\t\t<a href=\"https:\/\/pascaljolivet.com\/it\/nos-vins\/pura-espressione\/\" target=\"_self\" role=\"button\">\n\t\t\t\tScopri questa gamma\t\t\t<\/a>","protected":false},"excerpt":{"rendered":"<p>SANCERRE &#8211; POUILLY FUM\u00c9 SIGNATURE L&rsquo;origine des diff\u00e9rents terroirs &#8211; calcaires, argiles et silex, les levures 100 % indig\u00e8nes et les fermentations lentes produisent des vins d&rsquo;une finesse et d&rsquo;une min\u00e9ralit\u00e9 uniques avec une acidit\u00e9 toujours extr\u00eamement bien int\u00e9gr\u00e9e. D\u00e9couvrir cette gamme Les Caillottes &#8211; Terres Blanches Chaque terroir a sa propre identit\u00e9. Ces deux&hellip;<\/p>","protected":false},"author":2,"featured_media":0,"parent":3304,"menu_order":3,"comment_status":"closed","ping_status":"closed","template":"","meta":{"_acf_changed":false,"_seopress_robots_primary_cat":"","_seopress_titles_title":"","_seopress_titles_desc":"","_seopress_robots_index":"","inline_featured_image":false,"footnotes":""},"class_list":["post-3580","page","type-page","status-publish","hentry"],"acf":[],"_links":{"self":[{"href":"https:\/\/pascaljolivet.com\/it\/wp-json\/wp\/v2\/pages\/3580","targetHints":{"allow":["GET"]}}],"collection":[{"href":"https:\/\/pascaljolivet.com\/it\/wp-json\/wp\/v2\/pages"}],"about":[{"href":"https:\/\/pascaljolivet.com\/it\/wp-json\/wp\/v2\/types\/page"}],"author":[{"embeddable":true,"href":"https:\/\/pascaljolivet.com\/it\/wp-json\/wp\/v2\/users\/2"}],"replies":[{"embeddable":true,"href":"https:\/\/pascaljolivet.com\/it\/wp-json\/wp\/v2\/comments?post=3580"}],"version-history":[{"count":5,"href":"https:\/\/pascaljolivet.com\/it\/wp-json\/wp\/v2\/pages\/3580\/revisions"}],"predecessor-version":[{"id":92508,"href":"https:\/\/pascaljolivet.com\/it\/wp-json\/wp\/v2\/pages\/3580\/revisions\/92508"}],"up":[{"embeddable":true,"href":"https:\/\/pascaljolivet.com\/it\/wp-json\/wp\/v2\/pages\/3304"}],"wp:attachment":[{"href":"https:\/\/pascaljolivet.com\/it\/wp-json\/wp\/v2\/media?parent=3580"}],"curies":[{"name":"parola chiave","href":"https:\/\/api.w.org\/{rel}","templated":true}]}}