{"id":92510,"date":"2025-03-23T15:58:51","date_gmt":"2025-03-23T14:58:51","guid":{"rendered":"https:\/\/pascaljolivet.com\/?post_type=product&#038;p=92510"},"modified":"2025-11-12T10:25:11","modified_gmt":"2025-11-12T09:25:11","slug":"edition-n3-red","status":"publish","type":"product","link":"https:\/\/pascaljolivet.com\/en\/produits\/vins\/edition\/edition-n3-rouge\/","title":{"rendered":"Edition No. 3 red"},"content":{"rendered":"<p>EDITION is our newest creation in the Coteaux du Giennois appellation. Magnificent terroir near Saint-P\u00e8re, limestone and flint.<\/p>\n<p>A satellite of the Pouilly Fum\u00e9 appellation, this wine is a good alternative for lovers of fresh and crisp red wines.<\/p>","protected":false},"excerpt":{"rendered":"<p>EDITION est notre toute nouvelle cr\u00e9ation dans l&rsquo;appellation Coteaux du Giennois. Magnifique terroir du c\u00f4t\u00e9 de Saint-P\u00e8re, terroir calcaire et silex. Satellite de l&rsquo;appellation Pouilly Fum\u00e9, ce vin est une bonne alternative pour les amateurs des vins rouges frais et croquantes.<\/p>","protected":false},"featured_media":92521,"template":"","meta":{"_acf_changed":false,"_seopress_robots_primary_cat":"none","_seopress_titles_title":"","_seopress_titles_desc":"","_seopress_robots_index":"","inline_featured_image":false},"product_brand":[],"product_cat":[187,155],"product_tag":[],"class_list":{"0":"post-92510","1":"product","2":"type-product","3":"status-publish","4":"has-post-thumbnail","6":"product_cat-edition","7":"product_cat-vins","9":"first","10":"instock","11":"taxable","12":"shipping-taxable","13":"purchasable","14":"product-type-variable","15":"has-default-attributes"},"acf":[],"_links":{"self":[{"href":"https:\/\/pascaljolivet.com\/en\/wp-json\/wp\/v2\/product\/92510","targetHints":{"allow":["GET"]}}],"collection":[{"href":"https:\/\/pascaljolivet.com\/en\/wp-json\/wp\/v2\/product"}],"about":[{"href":"https:\/\/pascaljolivet.com\/en\/wp-json\/wp\/v2\/types\/product"}],"wp:featuredmedia":[{"embeddable":true,"href":"https:\/\/pascaljolivet.com\/en\/wp-json\/wp\/v2\/media\/92521"}],"wp:attachment":[{"href":"https:\/\/pascaljolivet.com\/en\/wp-json\/wp\/v2\/media?parent=92510"}],"wp:term":[{"taxonomy":"product_brand","embeddable":true,"href":"https:\/\/pascaljolivet.com\/en\/wp-json\/wp\/v2\/product_brand?post=92510"},{"taxonomy":"product_cat","embeddable":true,"href":"https:\/\/pascaljolivet.com\/en\/wp-json\/wp\/v2\/product_cat?post=92510"},{"taxonomy":"product_tag","embeddable":true,"href":"https:\/\/pascaljolivet.com\/en\/wp-json\/wp\/v2\/product_tag?post=92510"}],"curies":[{"name":"wp","href":"https:\/\/api.w.org\/{rel}","templated":true}]}}