{"id":92510,"date":"2025-03-23T15:58:51","date_gmt":"2025-03-23T14:58:51","guid":{"rendered":"https:\/\/pascaljolivet.com\/?post_type=product&#038;p=92510"},"modified":"2025-11-12T10:25:11","modified_gmt":"2025-11-12T09:25:11","slug":"ausgabe-n3-rot","status":"publish","type":"product","link":"https:\/\/pascaljolivet.com\/de\/produits\/vins\/edition\/edition-n3-rouge\/","title":{"rendered":"Ausgabe Nr. 3 rot"},"content":{"rendered":"<p>EDITION ist unsere neueste Kreation in der Appellation Coteaux du Giennois. Herrliches Terroir in der N\u00e4he von Saint-P\u00e8re, Kalkstein und Feuerstein.<\/p>\n<p>Als Satellit der Appellation Pouilly Fum\u00e9 ist dieser Wein eine gute Alternative f\u00fcr Liebhaber frischer und spritziger Rotweine.<\/p>","protected":false},"excerpt":{"rendered":"<p>EDITION ist unsere neueste Kreation aus der Appellation Coteaux du Giennois. Er stammt aus einem gro\u00dfartigen Terroir nahe Saint-P\u00e8re mit Kalk- und Feuersteinb\u00f6den. Als Satelliten-Appellation der Pouilly-Fum\u00e9 ist dieser Wein eine hervorragende Alternative f\u00fcr Liebhaber frischer und spritziger Rotweine.<\/p>","protected":false},"featured_media":92521,"template":"","meta":{"_acf_changed":false,"_seopress_robots_primary_cat":"none","_seopress_titles_title":"","_seopress_titles_desc":"","_seopress_robots_index":"","inline_featured_image":false},"product_brand":[],"product_cat":[187,155],"product_tag":[],"class_list":{"0":"post-92510","1":"product","2":"type-product","3":"status-publish","4":"has-post-thumbnail","6":"product_cat-edition","7":"product_cat-vins","9":"first","10":"instock","11":"taxable","12":"shipping-taxable","13":"purchasable","14":"product-type-variable","15":"has-default-attributes"},"acf":[],"_links":{"self":[{"href":"https:\/\/pascaljolivet.com\/de\/wp-json\/wp\/v2\/product\/92510","targetHints":{"allow":["GET"]}}],"collection":[{"href":"https:\/\/pascaljolivet.com\/de\/wp-json\/wp\/v2\/product"}],"about":[{"href":"https:\/\/pascaljolivet.com\/de\/wp-json\/wp\/v2\/types\/product"}],"wp:featuredmedia":[{"embeddable":true,"href":"https:\/\/pascaljolivet.com\/de\/wp-json\/wp\/v2\/media\/92521"}],"wp:attachment":[{"href":"https:\/\/pascaljolivet.com\/de\/wp-json\/wp\/v2\/media?parent=92510"}],"wp:term":[{"taxonomy":"product_brand","embeddable":true,"href":"https:\/\/pascaljolivet.com\/de\/wp-json\/wp\/v2\/product_brand?post=92510"},{"taxonomy":"product_cat","embeddable":true,"href":"https:\/\/pascaljolivet.com\/de\/wp-json\/wp\/v2\/product_cat?post=92510"},{"taxonomy":"product_tag","embeddable":true,"href":"https:\/\/pascaljolivet.com\/de\/wp-json\/wp\/v2\/product_tag?post=92510"}],"curies":[{"name":"wp","href":"https:\/\/api.w.org\/{rel}","templated":true}]}}