{"id":59951,"date":"2025-03-24T21:13:08","date_gmt":"2025-03-24T20:13:08","guid":{"rendered":"https:\/\/pascaljolivet.com\/?post_type=product&#038;p=59951"},"modified":"2025-11-12T10:24:45","modified_gmt":"2025-11-12T09:24:45","slug":"edition-n3-weis","status":"publish","type":"product","link":"https:\/\/pascaljolivet.com\/de\/produits\/vins\/edition\/edition-n3-blanc\/","title":{"rendered":"Edition Nr. 3 wei\u00df"},"content":{"rendered":"<p>EDITION ist unsere neueste Kreation in der Appellation Coteaux du Giennois. Herrliches Terroir in der N\u00e4he von Saint-P\u00e8re, Kalkstein und Feuerstein.<\/p>\n<p>Als Satellit der Appellation Pouilly Fum\u00e9 ist dieser Wein eine gute Alternative f\u00fcr Sauvignon Blanc-Liebhaber.<\/p>","protected":false},"excerpt":{"rendered":"<p>EDITION ist unsere neueste Kreation aus der Appellation Coteaux du Giennois. Er stammt aus einem gro\u00dfartigen Terroir nahe Saint-P\u00e8re mit Kalk- und Feuersteinb\u00f6den. Als Satellitenwein der Appellation Pouilly-Fum\u00e9 ist dieser Wein eine hervorragende Alternative f\u00fcr Sauvignon-Blanc-Liebhaber.<\/p>","protected":false},"featured_media":92522,"template":"","meta":{"_acf_changed":false,"_seopress_robots_primary_cat":"none","_seopress_titles_title":"","_seopress_titles_desc":"","_seopress_robots_index":"","inline_featured_image":false},"product_brand":[],"product_cat":[187,155],"product_tag":[],"class_list":{"0":"post-59951","1":"product","2":"type-product","3":"status-publish","4":"has-post-thumbnail","6":"product_cat-edition","7":"product_cat-vins","9":"first","10":"instock","11":"taxable","12":"shipping-taxable","13":"purchasable","14":"product-type-variable","15":"has-default-attributes"},"acf":[],"_links":{"self":[{"href":"https:\/\/pascaljolivet.com\/de\/wp-json\/wp\/v2\/product\/59951","targetHints":{"allow":["GET"]}}],"collection":[{"href":"https:\/\/pascaljolivet.com\/de\/wp-json\/wp\/v2\/product"}],"about":[{"href":"https:\/\/pascaljolivet.com\/de\/wp-json\/wp\/v2\/types\/product"}],"wp:featuredmedia":[{"embeddable":true,"href":"https:\/\/pascaljolivet.com\/de\/wp-json\/wp\/v2\/media\/92522"}],"wp:attachment":[{"href":"https:\/\/pascaljolivet.com\/de\/wp-json\/wp\/v2\/media?parent=59951"}],"wp:term":[{"taxonomy":"product_brand","embeddable":true,"href":"https:\/\/pascaljolivet.com\/de\/wp-json\/wp\/v2\/product_brand?post=59951"},{"taxonomy":"product_cat","embeddable":true,"href":"https:\/\/pascaljolivet.com\/de\/wp-json\/wp\/v2\/product_cat?post=59951"},{"taxonomy":"product_tag","embeddable":true,"href":"https:\/\/pascaljolivet.com\/de\/wp-json\/wp\/v2\/product_tag?post=59951"}],"curies":[{"name":"wp","href":"https:\/\/api.w.org\/{rel}","templated":true}]}}