{"id":36640,"date":"2021-01-19T16:17:07","date_gmt":"2021-01-19T15:17:07","guid":{"rendered":"https:\/\/pascaljolivet.com\/?post_type=product&#038;p=36640"},"modified":"2025-04-24T16:33:18","modified_gmt":"2025-04-24T15:33:18","slug":"mischfonds-fur-grose-grundstucke","status":"publish","type":"product","link":"https:\/\/pascaljolivet.com\/de\/produits\/vins\/signature\/caisse-mixte-les-grands-parcellaires\/","title":{"rendered":"Mischfonds: Gro\u00dfe Grundst\u00fccke"},"content":{"rendered":"<p>Entdecken Sie die gro\u00dfen Grundst\u00fccke des Maison.<\/p>\n<p>6 Flaschen \u00e0 75 cl: 2 Flaschen Sancerre Blanc \u201eLe Ch\u00eane Marchand\u201c, 2 Flaschen Sancerre Blanc \u201eClos du Roy\u201c, 2 Flaschen Sancerre Rouge \u201eLa Bondenotte\u201c<\/p>","protected":false},"excerpt":{"rendered":"<h5>Gemischter Karton (6 Flaschen) \u2013 Die gro\u00dfen Parzellen<\/h5>\n<p>Eintauchen in die \u201eJahrg\u00e4nge\u201c von Maison Pascal Jolivet.<\/p>\n<p>212\u20ac<\/p>","protected":false},"featured_media":92602,"template":"","meta":{"_acf_changed":false,"_seopress_robots_primary_cat":"none","_seopress_titles_title":"","_seopress_titles_desc":"","_seopress_robots_index":"","inline_featured_image":false},"product_brand":[],"product_cat":[183,161],"product_tag":[],"class_list":{"0":"post-36640","1":"product","2":"type-product","3":"status-publish","4":"has-post-thumbnail","6":"product_cat-coffret","7":"product_cat-signature","9":"first","10":"instock","11":"taxable","12":"shipping-taxable","13":"purchasable","14":"product-type-variable","15":"has-default-attributes"},"acf":[],"_links":{"self":[{"href":"https:\/\/pascaljolivet.com\/de\/wp-json\/wp\/v2\/product\/36640","targetHints":{"allow":["GET"]}}],"collection":[{"href":"https:\/\/pascaljolivet.com\/de\/wp-json\/wp\/v2\/product"}],"about":[{"href":"https:\/\/pascaljolivet.com\/de\/wp-json\/wp\/v2\/types\/product"}],"wp:featuredmedia":[{"embeddable":true,"href":"https:\/\/pascaljolivet.com\/de\/wp-json\/wp\/v2\/media\/92602"}],"wp:attachment":[{"href":"https:\/\/pascaljolivet.com\/de\/wp-json\/wp\/v2\/media?parent=36640"}],"wp:term":[{"taxonomy":"product_brand","embeddable":true,"href":"https:\/\/pascaljolivet.com\/de\/wp-json\/wp\/v2\/product_brand?post=36640"},{"taxonomy":"product_cat","embeddable":true,"href":"https:\/\/pascaljolivet.com\/de\/wp-json\/wp\/v2\/product_cat?post=36640"},{"taxonomy":"product_tag","embeddable":true,"href":"https:\/\/pascaljolivet.com\/de\/wp-json\/wp\/v2\/product_tag?post=36640"}],"curies":[{"name":"wp","href":"https:\/\/api.w.org\/{rel}","templated":true}]}}