{"id":36609,"date":"2023-12-03T21:46:54","date_gmt":"2023-12-03T20:46:54","guid":{"rendered":"https:\/\/pascaljolivet.com\/?post_type=product&#038;p=36609"},"modified":"2025-04-24T16:43:34","modified_gmt":"2025-04-24T15:43:34","slug":"sancerre-rot-la-bondenotte","status":"publish","type":"product","link":"https:\/\/pascaljolivet.com\/de\/produits\/vins\/parcellaires\/sancerre-rouge-la-bondenotte\/","title":{"rendered":"Sancerre-Rotwein \u201eLa Bondenotte\u201c (AOP Sancerre)"},"content":{"rendered":"<p>Gemeinde Bu\u00e9, wir bewirtschaften 0,86 Hektar der 3 Hektar gro\u00dfen Parzelle. \u201eLa Bondenotte\u201c ist eine Gruppe alter Pinot Noir-Reben auf einem lehm-kalkhaltigen Gel\u00e4nde. Die Ernte wird vor dem Abf\u00fcllen selektiert, sortiert und entrappt. Nach etwa f\u00fcnfzehn Tagen Mazeration werden die Vorlaufs\u00e4fte isoliert und demi-muids, gefolgt von einer achtmonatigen Reifung. \u201eBondenotte\u201c ist ein tiefer, subtiler, frischer Wein mit einer w\u00fcrzigen Note.<\/p>","protected":false},"excerpt":{"rendered":"<h5>Sancerre-Rotwein \u00abLa Bondenotte\u00bb 2022 (AOP Sancerre)<\/h5>\n<p>Parzellenauswahl alter Pinot Noir-Reben.<\/p>\n<h6>25\u20ac<\/h6>","protected":false},"featured_media":92593,"template":"","meta":{"_acf_changed":false,"_seopress_robots_primary_cat":"none","_seopress_titles_title":"","_seopress_titles_desc":"","_seopress_robots_index":"","inline_featured_image":false},"product_brand":[],"product_cat":[162,155],"product_tag":[176,172,171,173],"class_list":{"0":"post-36609","1":"product","2":"type-product","3":"status-publish","4":"has-post-thumbnail","6":"product_cat-parcellaires","7":"product_cat-vins","8":"product_tag-parcellaire","9":"product_tag-pinot-noir","10":"product_tag-rouge","11":"product_tag-sancerre","13":"first","14":"onbackorder","15":"taxable","16":"shipping-taxable","17":"purchasable","18":"product-type-variable","19":"has-default-attributes"},"acf":[],"_links":{"self":[{"href":"https:\/\/pascaljolivet.com\/de\/wp-json\/wp\/v2\/product\/36609","targetHints":{"allow":["GET"]}}],"collection":[{"href":"https:\/\/pascaljolivet.com\/de\/wp-json\/wp\/v2\/product"}],"about":[{"href":"https:\/\/pascaljolivet.com\/de\/wp-json\/wp\/v2\/types\/product"}],"wp:featuredmedia":[{"embeddable":true,"href":"https:\/\/pascaljolivet.com\/de\/wp-json\/wp\/v2\/media\/92593"}],"wp:attachment":[{"href":"https:\/\/pascaljolivet.com\/de\/wp-json\/wp\/v2\/media?parent=36609"}],"wp:term":[{"taxonomy":"product_brand","embeddable":true,"href":"https:\/\/pascaljolivet.com\/de\/wp-json\/wp\/v2\/product_brand?post=36609"},{"taxonomy":"product_cat","embeddable":true,"href":"https:\/\/pascaljolivet.com\/de\/wp-json\/wp\/v2\/product_cat?post=36609"},{"taxonomy":"product_tag","embeddable":true,"href":"https:\/\/pascaljolivet.com\/de\/wp-json\/wp\/v2\/product_tag?post=36609"}],"curies":[{"name":"wp","href":"https:\/\/api.w.org\/{rel}","templated":true}]}}