{"id":36605,"date":"2024-12-02T21:39:40","date_gmt":"2024-12-02T20:39:40","guid":{"rendered":"https:\/\/pascaljolivet.com\/?post_type=product&#038;p=36605"},"modified":"2025-04-24T16:42:46","modified_gmt":"2025-04-24T15:42:46","slug":"sancerre-blanc-die-kaufmannseiche","status":"publish","type":"product","link":"https:\/\/pascaljolivet.com\/de\/produits\/vins\/parcellaires\/sancerre-blanc-le-chene-marchand\/","title":{"rendered":"Sancerre White \u201eLe Ch\u00eane Marchand\u201c"},"content":{"rendered":"<p>Gemeinde Bu\u00e9, wir bewirtschaften 1,84 Hektar der insgesamt 26 Hektar gro\u00dfen Parzelle. H\u00f6her gelegen und nach S\u00fcden ausgerichtet, ist \u201eLe Ch\u00eane Marchand\u201c sonniger als die anderen Parzellen. F\u00fcnf Monate auf Feinhefe in thermoregulierten Edelstahltanks gereift, hat dieser historische \u201eCru\u201c der Appellation ein gro\u00dfz\u00fcgiges und k\u00f6stliches Profil. Sein Kalkstein-Terroir verleiht ihm gro\u00dfe Mineralit\u00e4t, Frische und Salzgehalt.<\/p>","protected":false},"excerpt":{"rendered":"<h5>Sancerre Blanc \u00abLe Ch\u00eane Marchand\u00bb 2022 (AOP Sancerre)<\/h5>\n<p>Ausgew\u00e4hlte Weine aus einem der gro\u00dfartigsten Terroirs der Sancerre-Appellation.<\/p>\n<h6>34\u20ac<\/h6>","protected":false},"featured_media":92591,"template":"","meta":{"_acf_changed":false,"_seopress_robots_primary_cat":"none","_seopress_titles_title":"","_seopress_titles_desc":"","_seopress_robots_index":"","inline_featured_image":false},"product_brand":[],"product_cat":[162,155],"product_tag":[168,176,173],"class_list":{"0":"post-36605","1":"product","2":"type-product","3":"status-publish","4":"has-post-thumbnail","6":"product_cat-parcellaires","7":"product_cat-vins","8":"product_tag-blanc","9":"product_tag-parcellaire","10":"product_tag-sancerre","12":"first","13":"instock","14":"taxable","15":"shipping-taxable","16":"purchasable","17":"product-type-variable","18":"has-default-attributes"},"acf":[],"_links":{"self":[{"href":"https:\/\/pascaljolivet.com\/de\/wp-json\/wp\/v2\/product\/36605","targetHints":{"allow":["GET"]}}],"collection":[{"href":"https:\/\/pascaljolivet.com\/de\/wp-json\/wp\/v2\/product"}],"about":[{"href":"https:\/\/pascaljolivet.com\/de\/wp-json\/wp\/v2\/types\/product"}],"wp:featuredmedia":[{"embeddable":true,"href":"https:\/\/pascaljolivet.com\/de\/wp-json\/wp\/v2\/media\/92591"}],"wp:attachment":[{"href":"https:\/\/pascaljolivet.com\/de\/wp-json\/wp\/v2\/media?parent=36605"}],"wp:term":[{"taxonomy":"product_brand","embeddable":true,"href":"https:\/\/pascaljolivet.com\/de\/wp-json\/wp\/v2\/product_brand?post=36605"},{"taxonomy":"product_cat","embeddable":true,"href":"https:\/\/pascaljolivet.com\/de\/wp-json\/wp\/v2\/product_cat?post=36605"},{"taxonomy":"product_tag","embeddable":true,"href":"https:\/\/pascaljolivet.com\/de\/wp-json\/wp\/v2\/product_tag?post=36605"}],"curies":[{"name":"wp","href":"https:\/\/api.w.org\/{rel}","templated":true}]}}