{"id":36598,"date":"2025-01-21T21:23:31","date_gmt":"2025-01-21T20:23:31","guid":{"rendered":"https:\/\/pascaljolivet.com\/?post_type=product&#038;p=36598"},"modified":"2025-11-12T10:26:27","modified_gmt":"2025-11-12T09:26:27","slug":"sancerre-rotwein-signatur","status":"publish","type":"product","link":"https:\/\/pascaljolivet.com\/de\/produits\/vins\/signature\/sancerre-rouge-signature\/","title":{"rendered":"Sancerre rot \u201eSignature\u201c"},"content":{"rendered":"<p>100% Pinot Noir, die Trauben werden von Hand sortiert und entrappt. Kaltmazeration f\u00fcr 10 Tage, Maischestandzeit f\u00fcr 12 bis 15 Tage. Nat\u00fcrliche Weinbereitung in temperaturkontrollierten Edelstahltanks. Ton-Kalk-Terroir.<\/p>","protected":false},"excerpt":{"rendered":"<h5>Sancerre Rot \u00abSignature\u00bb 2023 (AOP Sancerre)<\/h5>\n<p>Leicht w\u00fcrziger und fruchtiger Wein.<\/p>\n<h6>25\u20ac<\/h6>","protected":false},"featured_media":92587,"template":"","meta":{"_acf_changed":false,"_seopress_robots_primary_cat":"none","_seopress_titles_title":"","_seopress_titles_desc":"","_seopress_robots_index":"","inline_featured_image":false},"product_brand":[],"product_cat":[161,155],"product_tag":[172,171,173],"class_list":{"0":"post-36598","1":"product","2":"type-product","3":"status-publish","4":"has-post-thumbnail","6":"product_cat-signature","7":"product_cat-vins","8":"product_tag-pinot-noir","9":"product_tag-rouge","10":"product_tag-sancerre","12":"first","13":"instock","14":"taxable","15":"shipping-taxable","16":"purchasable","17":"product-type-variable","18":"has-default-attributes"},"acf":[],"_links":{"self":[{"href":"https:\/\/pascaljolivet.com\/de\/wp-json\/wp\/v2\/product\/36598","targetHints":{"allow":["GET"]}}],"collection":[{"href":"https:\/\/pascaljolivet.com\/de\/wp-json\/wp\/v2\/product"}],"about":[{"href":"https:\/\/pascaljolivet.com\/de\/wp-json\/wp\/v2\/types\/product"}],"wp:featuredmedia":[{"embeddable":true,"href":"https:\/\/pascaljolivet.com\/de\/wp-json\/wp\/v2\/media\/92587"}],"wp:attachment":[{"href":"https:\/\/pascaljolivet.com\/de\/wp-json\/wp\/v2\/media?parent=36598"}],"wp:term":[{"taxonomy":"product_brand","embeddable":true,"href":"https:\/\/pascaljolivet.com\/de\/wp-json\/wp\/v2\/product_brand?post=36598"},{"taxonomy":"product_cat","embeddable":true,"href":"https:\/\/pascaljolivet.com\/de\/wp-json\/wp\/v2\/product_cat?post=36598"},{"taxonomy":"product_tag","embeddable":true,"href":"https:\/\/pascaljolivet.com\/de\/wp-json\/wp\/v2\/product_tag?post=36598"}],"curies":[{"name":"wp","href":"https:\/\/api.w.org\/{rel}","templated":true}]}}