{"id":36592,"date":"2025-01-23T18:34:37","date_gmt":"2025-01-23T17:34:37","guid":{"rendered":"https:\/\/pascaljolivet.com\/?post_type=product&#038;p=36592"},"modified":"2025-11-13T16:28:27","modified_gmt":"2025-11-13T15:28:27","slug":"sancerre-weiser-signatur-aop-sancerre","status":"publish","type":"product","link":"https:\/\/pascaljolivet.com\/de\/produits\/vins\/signature\/sancerre-blanc-signature-aop-sancerre\/","title":{"rendered":"Sancerre wei\u00df \u201eSignature\u201c"},"content":{"rendered":"<p>Jede Traube (Sauvignon Blanc) wird nach Erhalt der Ernte sortiert. Wir arbeiten mit der Schwerkraft, um den nat\u00fcrlichen Kreislauf der Weinherstellung zu respektieren. Leichtes Pressen, um optimale Fruchtigkeit zu bewahren. Mischung aus 50% Kalkstein, 30% Ton-Kalkstein und 20% Feuerstein. Jeder Boden wird separat in thermoregulierten Edelstahltanks vinifiziert. Der Kalkstein bringt Mineralit\u00e4t und Finesse; der Ton-Kalkstein bringt Frucht, F\u00fclle und der Feuerstein Struktur und Mineralit\u00e4t. Einzigartig, pr\u00e4zise, schick, zeitlos und g\u00f6ttlich gut.<\/p>","protected":false},"excerpt":{"rendered":"<h5>Sancerre Blanc \u00abSignature\u00bb 2023 (AOP Sancerre)<\/h5>\n<p>Diese Flasche ist die Ikone des Hauses. Fruchtig, mineralisch und elegant.<\/p>\n<h6>28\u20ac<\/h6>","protected":false},"featured_media":92585,"template":"","meta":{"_acf_changed":false,"_seopress_robots_primary_cat":"none","_seopress_titles_title":"","_seopress_titles_desc":"","_seopress_robots_index":"","inline_featured_image":false},"product_brand":[],"product_cat":[161,155],"product_tag":[168,169,167],"class_list":{"0":"post-36592","1":"product","2":"type-product","3":"status-publish","4":"has-post-thumbnail","6":"product_cat-signature","7":"product_cat-vins","8":"product_tag-blanc","9":"product_tag-loire","10":"product_tag-sauvignon","12":"first","13":"instock","14":"taxable","15":"shipping-taxable","16":"purchasable","17":"product-type-variable","18":"has-default-attributes"},"acf":[],"_links":{"self":[{"href":"https:\/\/pascaljolivet.com\/de\/wp-json\/wp\/v2\/product\/36592","targetHints":{"allow":["GET"]}}],"collection":[{"href":"https:\/\/pascaljolivet.com\/de\/wp-json\/wp\/v2\/product"}],"about":[{"href":"https:\/\/pascaljolivet.com\/de\/wp-json\/wp\/v2\/types\/product"}],"wp:featuredmedia":[{"embeddable":true,"href":"https:\/\/pascaljolivet.com\/de\/wp-json\/wp\/v2\/media\/92585"}],"wp:attachment":[{"href":"https:\/\/pascaljolivet.com\/de\/wp-json\/wp\/v2\/media?parent=36592"}],"wp:term":[{"taxonomy":"product_brand","embeddable":true,"href":"https:\/\/pascaljolivet.com\/de\/wp-json\/wp\/v2\/product_brand?post=36592"},{"taxonomy":"product_cat","embeddable":true,"href":"https:\/\/pascaljolivet.com\/de\/wp-json\/wp\/v2\/product_cat?post=36592"},{"taxonomy":"product_tag","embeddable":true,"href":"https:\/\/pascaljolivet.com\/de\/wp-json\/wp\/v2\/product_tag?post=36592"}],"curies":[{"name":"wp","href":"https:\/\/api.w.org\/{rel}","templated":true}]}}