{"id":36586,"date":"2025-04-22T18:27:34","date_gmt":"2025-04-22T17:27:34","guid":{"rendered":"https:\/\/pascaljolivet.com\/?post_type=product&#038;p=36586"},"modified":"2025-11-12T10:24:00","modified_gmt":"2025-11-12T09:24:00","slug":"pinot-noir-attitude-igp-des-loiretals","status":"publish","type":"product","link":"https:\/\/pascaljolivet.com\/de\/produits\/vins\/attitude\/pinot-noir-attitude-igp-du-val-de-loire\/","title":{"rendered":"\u201eHaltung\u201c Pinot Noir"},"content":{"rendered":"<p>Attitude \u00bb 100% Pinot Noir pr\u00e4sentiert sich in leuchtendem Rubinrot mit eleganten Aromen von roten Fr\u00fcchten, Kirschen und schwarzen Johannisbeeren. W\u00fcrzige Noten f\u00fchren zu einem sehr eleganten Abgang, in dem Ausgewogenheit und Finesse, Frucht und dezente Holzaromen harmonisch miteinander verschmelzen. Leicht und gesellig. Attitude ist perfekt von der Vorspeise bis zum K\u00e4se, von wei\u00dfem Fleisch bis zum Fisch.<\/p>","protected":false},"excerpt":{"rendered":"<h5>Pinot Noir \u00abAttitude\u00bb 2023 (IGP Val de Loire)<\/h5>\n<p>Dieser Jahrgang bringt den Stil des Pinot Noir von der Loire zum Ausdruck.<\/p>\n<h6>18\u20ac<\/h6>","protected":false},"featured_media":92435,"template":"","meta":{"_acf_changed":false,"_seopress_robots_primary_cat":"none","_seopress_titles_title":"","_seopress_titles_desc":"","_seopress_robots_index":"","inline_featured_image":false},"product_brand":[],"product_cat":[149,155],"product_tag":[169,172,171],"class_list":{"0":"post-36586","1":"product","2":"type-product","3":"status-publish","4":"has-post-thumbnail","6":"product_cat-attitude","7":"product_cat-vins","8":"product_tag-loire","9":"product_tag-pinot-noir","10":"product_tag-rouge","12":"first","13":"instock","14":"taxable","15":"shipping-taxable","16":"purchasable","17":"product-type-variable","18":"has-default-attributes"},"acf":[],"_links":{"self":[{"href":"https:\/\/pascaljolivet.com\/de\/wp-json\/wp\/v2\/product\/36586","targetHints":{"allow":["GET"]}}],"collection":[{"href":"https:\/\/pascaljolivet.com\/de\/wp-json\/wp\/v2\/product"}],"about":[{"href":"https:\/\/pascaljolivet.com\/de\/wp-json\/wp\/v2\/types\/product"}],"wp:featuredmedia":[{"embeddable":true,"href":"https:\/\/pascaljolivet.com\/de\/wp-json\/wp\/v2\/media\/92435"}],"wp:attachment":[{"href":"https:\/\/pascaljolivet.com\/de\/wp-json\/wp\/v2\/media?parent=36586"}],"wp:term":[{"taxonomy":"product_brand","embeddable":true,"href":"https:\/\/pascaljolivet.com\/de\/wp-json\/wp\/v2\/product_brand?post=36586"},{"taxonomy":"product_cat","embeddable":true,"href":"https:\/\/pascaljolivet.com\/de\/wp-json\/wp\/v2\/product_cat?post=36586"},{"taxonomy":"product_tag","embeddable":true,"href":"https:\/\/pascaljolivet.com\/de\/wp-json\/wp\/v2\/product_tag?post=36586"}],"curies":[{"name":"wp","href":"https:\/\/api.w.org\/{rel}","templated":true}]}}