{"id":36583,"date":"2025-04-24T12:27:14","date_gmt":"2025-04-24T11:27:14","guid":{"rendered":"https:\/\/pascaljolivet.com\/?post_type=product&#038;p=36583"},"modified":"2025-11-12T10:22:47","modified_gmt":"2025-11-12T09:22:47","slug":"sauvignon-blanc-attitude-igp-aus-dem-loiretal","status":"publish","type":"product","link":"https:\/\/pascaljolivet.com\/de\/produits\/vins\/attitude\/sauvignon-blanc-attitude-igp-du-val-de-loire\/","title":{"rendered":"\u201eAttitude\u201c Sauvignon Blanc"},"content":{"rendered":"<p>\u201eAttitude\u201c besticht durch seine angenehme Frische am Gaumen, einen klaren Auftakt und delikate Aromen von Limette, Zitrusfr\u00fcchten, gr\u00fcnem Apfel und Kiwi. Die Mineralit\u00e4t verleiht dem Wein einen langen Abgang, Finesse und Eleganz. Ein sehr angenehmer Wein f\u00fcr sich allein oder zu Meeresfr\u00fcchten, Spargel, gegrilltem Fisch und Ziegenk\u00e4se.<\/p>","protected":false},"excerpt":{"rendered":"<h5>Sauvignon Blanc \u201eAttitude\u201c 2023 (g.g.A. des Loiretals)<\/h5>\n<p>Dieser Jahrgang zeigt unsere Vision von Sauvignon Blanc von der Loire.<\/p>\n<h6>15,50\u20ac<\/h6>","protected":false},"featured_media":92439,"template":"","meta":{"_acf_changed":false,"_seopress_robots_primary_cat":"none","_seopress_titles_title":"","_seopress_titles_desc":"","_seopress_robots_index":"","inline_featured_image":false},"product_brand":[],"product_cat":[149,155],"product_tag":[168,169,167],"class_list":{"0":"post-36583","1":"product","2":"type-product","3":"status-publish","4":"has-post-thumbnail","6":"product_cat-attitude","7":"product_cat-vins","8":"product_tag-blanc","9":"product_tag-loire","10":"product_tag-sauvignon","12":"first","13":"instock","14":"taxable","15":"shipping-taxable","16":"purchasable","17":"product-type-variable","18":"has-default-attributes"},"acf":[],"_links":{"self":[{"href":"https:\/\/pascaljolivet.com\/de\/wp-json\/wp\/v2\/product\/36583","targetHints":{"allow":["GET"]}}],"collection":[{"href":"https:\/\/pascaljolivet.com\/de\/wp-json\/wp\/v2\/product"}],"about":[{"href":"https:\/\/pascaljolivet.com\/de\/wp-json\/wp\/v2\/types\/product"}],"wp:featuredmedia":[{"embeddable":true,"href":"https:\/\/pascaljolivet.com\/de\/wp-json\/wp\/v2\/media\/92439"}],"wp:attachment":[{"href":"https:\/\/pascaljolivet.com\/de\/wp-json\/wp\/v2\/media?parent=36583"}],"wp:term":[{"taxonomy":"product_brand","embeddable":true,"href":"https:\/\/pascaljolivet.com\/de\/wp-json\/wp\/v2\/product_brand?post=36583"},{"taxonomy":"product_cat","embeddable":true,"href":"https:\/\/pascaljolivet.com\/de\/wp-json\/wp\/v2\/product_cat?post=36583"},{"taxonomy":"product_tag","embeddable":true,"href":"https:\/\/pascaljolivet.com\/de\/wp-json\/wp\/v2\/product_tag?post=36583"}],"curies":[{"name":"wp","href":"https:\/\/api.w.org\/{rel}","templated":true}]}}