{"id":36384,"date":"2021-01-06T11:47:24","date_gmt":"2021-01-06T10:47:24","guid":{"rendered":"https:\/\/pascaljolivet.com\/?post_type=product&#038;p=36384"},"modified":"2025-04-24T16:31:56","modified_gmt":"2025-04-24T15:31:56","slug":"metis-sauvignon-blanc","status":"publish","type":"product","link":"https:\/\/pascaljolivet.com\/de\/produits\/vins\/metis\/metis-sauvignon-blanc\/","title":{"rendered":"M\u00e9tis Sauvignon Blanc \u2013 Klein Constantia"},"content":{"rendered":"<p>Wir haben die besten Parzellen mit einer Auswahl der h\u00f6chsten Rebst\u00f6cke im Weinberg ausgew\u00e4hlt.<\/p>\n<p>Diese Parzellen bringen Trauben mit hohem S\u00e4uregehalt und niedrigem pH-Wert hervor, die der Weinherstellung standhalten. Aromen von Zitronengras und Feuerstein.<\/p>\n<p>Vollmundig, unterst\u00fctzt durch hohe S\u00e4ure, ist dies ein gehaltvoller Wein mit mineralischen Aromen. Ein langer, eleganter und erfrischender Abgang.<\/p>","protected":false},"excerpt":{"rendered":"<h5>\u00ab\u00a0M\u00e9tis\u00a0\u00bb Sauvignon Blanc 2018<\/h5>\n<p>Une belle d\u00e9couverte du style du Nouveau Monde en provenance du domaine le plus mythique d&rsquo;Afrique du Sud.<\/p>\n<h6>22\u20ac<\/h6>","protected":false},"featured_media":4570,"template":"","meta":{"_acf_changed":false,"_seopress_robots_primary_cat":"none","_seopress_titles_title":"","_seopress_titles_desc":"","_seopress_robots_index":"","inline_featured_image":false},"product_brand":[],"product_cat":[151,155],"product_tag":[168,167],"class_list":{"0":"post-36384","1":"product","2":"type-product","3":"status-publish","4":"has-post-thumbnail","6":"product_cat-metis","7":"product_cat-vins","8":"product_tag-blanc","9":"product_tag-sauvignon","11":"first","12":"instock","13":"taxable","14":"shipping-taxable","15":"purchasable","16":"product-type-variable","17":"has-default-attributes"},"acf":[],"_links":{"self":[{"href":"https:\/\/pascaljolivet.com\/de\/wp-json\/wp\/v2\/product\/36384","targetHints":{"allow":["GET"]}}],"collection":[{"href":"https:\/\/pascaljolivet.com\/de\/wp-json\/wp\/v2\/product"}],"about":[{"href":"https:\/\/pascaljolivet.com\/de\/wp-json\/wp\/v2\/types\/product"}],"wp:featuredmedia":[{"embeddable":true,"href":"https:\/\/pascaljolivet.com\/de\/wp-json\/wp\/v2\/media\/4570"}],"wp:attachment":[{"href":"https:\/\/pascaljolivet.com\/de\/wp-json\/wp\/v2\/media?parent=36384"}],"wp:term":[{"taxonomy":"product_brand","embeddable":true,"href":"https:\/\/pascaljolivet.com\/de\/wp-json\/wp\/v2\/product_brand?post=36384"},{"taxonomy":"product_cat","embeddable":true,"href":"https:\/\/pascaljolivet.com\/de\/wp-json\/wp\/v2\/product_cat?post=36384"},{"taxonomy":"product_tag","embeddable":true,"href":"https:\/\/pascaljolivet.com\/de\/wp-json\/wp\/v2\/product_tag?post=36384"}],"curies":[{"name":"wp","href":"https:\/\/api.w.org\/{rel}","templated":true}]}}