{"id":92500,"date":"2025-03-31T15:41:58","date_gmt":"2025-03-31T14:41:58","guid":{"rendered":"https:\/\/pascaljolivet.com\/?page_id=92500"},"modified":"2025-04-22T09:33:39","modified_gmt":"2025-04-22T08:33:39","slug":"ausgabe","status":"publish","type":"page","link":"https:\/\/pascaljolivet.com\/de\/vins\/edition\/","title":{"rendered":"Ausgabe"},"content":{"rendered":"<h1>\r\n\t\tAUSGABE\r\n\t<\/h1>\r\n\t<h2>AUSGABE<\/h2>\r\n<hr \/>\r\nCoteaux du Giennois liegt geografisch in der Region Burgund, obwohl es aufgrund seiner AOP-Bezeichnung eindeutig im Loiretal liegt.<br \/>\r\nDie einzigartige Lage in Verbindung mit Kalkstein- und Feuerstein-Tonb\u00f6den bringt Weine mit unverwechselbarem Charakter und Tiefe hervor.\r\n<p>Maison Pascal Jolivet bewirtschaftet 20 Hektar in Saint-P\u00e8re, einem der sch\u00f6nsten Terroirs der Coteaux du Giennois AOP. Um diese au\u00dfergew\u00f6hnliche Appellation hervorzuheben, hat Maison Pascal Jolivet die \u00c9dition-Reihe geschaffen.<\/p>\r\n\t\t\t\t<a href=\"https:\/\/pascaljolivet.com\/de\/produkte\/weine\/attitude\/sauvignon-blanc-attitude-igp-aus-dem-loiretal\/\"  target=\"_self\" itemprop=\"url\">\r\n\t\t\t\t<img loading=\"lazy\" decoding=\"async\" src=\"https:\/\/pascaljolivet.com\/wp-content\/uploads\/2025\/04\/edition-blanc-nv-web-1.png\" alt=\"edition blanc nv web\" itemprop=\"image\" height=\"2048\" width=\"1365\" title=\"edition blanc nv web\" onerror=\"this.style.display='none'\"  \/>\r\n\t\t\t\t<\/a>\r\n<h4><a href=\"https:\/\/pascaljolivet.com\/de\/produkte\/weine\/attitude\/sauvignon-blanc-attitude-igp-aus-dem-loiretal\/\" target=\"_self\">Wei\u00dfe EDITION<\/a><\/h4>\t\r\n\t\t\t\t<a href=\"https:\/\/pascaljolivet.com\/de\/produkte\/weine\/attitude\/pinot-noir-attitude-igp-des-loiretals\/\"  target=\"_self\" itemprop=\"url\">\r\n\t\t\t\t<img loading=\"lazy\" decoding=\"async\" src=\"https:\/\/pascaljolivet.com\/wp-content\/uploads\/2025\/04\/edition-rouge-nv-web-1.png\" alt=\"red edition nv web\" itemprop=\"image\" height=\"2048\" width=\"1365\" title=\"red edition nv web\" onerror=\"this.style.display='none'\"  \/>\r\n\t\t\t\t<\/a>\r\n<h4><a href=\"https:\/\/pascaljolivet.com\/de\/produkte\/weine\/attitude\/pinot-noir-attitude-igp-des-loiretals\/\" target=\"_self\">Rote EDITION<\/a><\/h4>\t\r\n<h2>\r\n\t\tAusgewogenheit, Frische und Pr\u00e4zision: der Stil von Pascal Jolivet\r\n\t<\/h2>\r\n\tWenn Terroir, Know-how und Geduld die Komplexit\u00e4t von Sauvignon Blanc und Pinot Noir freilegen und hervorheben.<br \/>\r\n\u201eTalent und Geschmack reichen nicht aus, nur Stil z\u00e4hlt\u201c P. Cardin\r\n\t\t\t\t<a href=\"\/de\/weine\/attitude\/\"  target=\"_self\" itemprop=\"url\">\r\n\t\t\t\t<img loading=\"lazy\" decoding=\"async\" src=\"https:\/\/pascaljolivet.com\/wp-content\/uploads\/2017\/01\/cta-gamme2021-attitude.jpg\" alt=\"cta-gamme2021-Einstellung\" itemprop=\"image\" height=\"792\" width=\"1116\" title=\"cta-gamme2021-Einstellung\" onerror=\"this.style.display='none'\"  \/>\r\n\t\t\t\t<\/a>\r\n\t<p>Das Loiretal ist eine Region reich an Geschichte und Kulturerbe. Unser Anwesen ist von den Schl\u00f6ssern Cheverny und Chambord umgeben.<\/p>\r\n\t\t\t\t<a href=\"\/de\/weine\/sancerre-pouilly-fume\/\"  target=\"_self\" itemprop=\"url\">\r\n\t\t\t\t<img loading=\"lazy\" decoding=\"async\" src=\"https:\/\/pascaljolivet.com\/wp-content\/uploads\/2017\/01\/cta-gamme2021-sancerre.jpg\" alt=\"cta-gamme2021-sancerre\" itemprop=\"image\" height=\"792\" width=\"1116\" title=\"cta-gamme2021-sancerre\" onerror=\"this.style.display='none'\"  \/>\r\n\t\t\t\t<\/a>\r\n\t<p>Zwei Rebsorten, drei Terroirs und ausschlie\u00dflich nat\u00fcrliche Weinbereitung. Wir offenbaren den einzigartigen Ausdruck unserer Sancerre- und Pouilly-Fum\u00e9-Weine.<\/p>\r\n\t\t\t\t<a href=\"https:\/\/pascaljolivet.com\/de\/weine\/hugel-von-giennois\/\"  target=\"_self\" itemprop=\"url\">\r\n\t\t\t\t<img loading=\"lazy\" decoding=\"async\" src=\"https:\/\/pascaljolivet.com\/wp-content\/uploads\/2025\/03\/cta-gamme-edition-1.png\" alt=\"CTA-Reihenausgabe\" itemprop=\"image\" height=\"792\" width=\"1116\" title=\"CTA-Reihenausgabe\" onerror=\"this.style.display='none'\"  \/>\r\n\t\t\t\t<\/a>\r\n\t<p>Unsere neue Marke ist ein erhabener Ausdruck von Sauvignon Blanc und Pinot Noir\/Gamay aus den Weinbergen in der N\u00e4he von Cosne sur Loire.<\/p>","protected":false},"excerpt":{"rendered":"<p>Coteaux du Giennois liegt geografisch in Burgund, obwohl die AOP-Bezeichnung es eindeutig dem Loiretal zuordnet. Die einzigartige Lage, kombiniert mit Kalk- und Feuersteinb\u00f6den, bringt Weine mit unverwechselbarem Charakter und Tiefe hervor. Maison Pascal Jolivet kultiviert\u2026<\/p>","protected":false},"author":2,"featured_media":0,"parent":3304,"menu_order":1,"comment_status":"closed","ping_status":"closed","template":"","meta":{"_acf_changed":false,"_seopress_robots_primary_cat":"","_seopress_titles_title":"","_seopress_titles_desc":"","_seopress_robots_index":"","inline_featured_image":false,"footnotes":""},"class_list":["post-92500","page","type-page","status-publish","hentry"],"acf":[],"_links":{"self":[{"href":"https:\/\/pascaljolivet.com\/de\/wp-json\/wp\/v2\/pages\/92500","targetHints":{"allow":["GET"]}}],"collection":[{"href":"https:\/\/pascaljolivet.com\/de\/wp-json\/wp\/v2\/pages"}],"about":[{"href":"https:\/\/pascaljolivet.com\/de\/wp-json\/wp\/v2\/types\/page"}],"author":[{"embeddable":true,"href":"https:\/\/pascaljolivet.com\/de\/wp-json\/wp\/v2\/users\/2"}],"replies":[{"embeddable":true,"href":"https:\/\/pascaljolivet.com\/de\/wp-json\/wp\/v2\/comments?post=92500"}],"version-history":[{"count":5,"href":"https:\/\/pascaljolivet.com\/de\/wp-json\/wp\/v2\/pages\/92500\/revisions"}],"predecessor-version":[{"id":93073,"href":"https:\/\/pascaljolivet.com\/de\/wp-json\/wp\/v2\/pages\/92500\/revisions\/93073"}],"up":[{"embeddable":true,"href":"https:\/\/pascaljolivet.com\/de\/wp-json\/wp\/v2\/pages\/3304"}],"wp:attachment":[{"href":"https:\/\/pascaljolivet.com\/de\/wp-json\/wp\/v2\/media?parent=92500"}],"curies":[{"name":"wp","href":"https:\/\/api.w.org\/{rel}","templated":true}]}}