{"id":39271,"date":"2022-07-19T18:24:10","date_gmt":"2022-07-19T17:24:10","guid":{"rendered":"https:\/\/pascaljolivet.com\/?page_id=39271"},"modified":"2025-03-25T08:39:25","modified_gmt":"2025-03-25T07:39:25","slug":"natur","status":"publish","type":"page","link":"https:\/\/pascaljolivet.com\/de\/vins\/sancerre-pouilly-fume\/nature\/","title":{"rendered":"Natur"},"content":{"rendered":"<h1>\n\t\tNAT\u00dcRLICHE WEINE\n\t<\/h1>\n\t\t\t\t<a href=\"https:\/\/pascaljolivet.com\/de\/produkte\/weine\/natur\/pouilly-fume-nature\/\"  target=\"_self\" itemprop=\"url\">\n\t\t\t\t<img loading=\"lazy\" decoding=\"async\" src=\"https:\/\/pascaljolivet.com\/wp-content\/uploads\/2022\/07\/pouilly-fume-nature-2021.png\" alt=\"Pouilly Fume Nature 2021\" itemprop=\"image\" height=\"650\" width=\"433\" title=\"pouilly-fume-nature-2021\" onerror=\"this.style.display='none'\"  \/>\n\t\t\t\t<\/a>\n<h4><a href=\"https:\/\/pascaljolivet.com\/de\/produkte\/weine\/natur\/pouilly-fume-nature\/\" target=\"_self\">Pouilly-Fum\u00e9 Natur<\/a><\/h4>\t\n\t\t\t\t<a href=\"https:\/\/pascaljolivet.com\/de\/produkte\/weine\/sancerre\/sancerre-nature-pinot-noir\/\"  target=\"_self\" itemprop=\"url\">\n\t\t\t\t<img loading=\"lazy\" decoding=\"async\" src=\"https:\/\/pascaljolivet.com\/wp-content\/uploads\/2022\/07\/sancerre-nature-rouge.png\" alt=\"Sancerre Natur Rot\" itemprop=\"image\" height=\"1550\" width=\"650\" title=\"Sancerre Natur Rot\" onerror=\"this.style.display='none'\"  \/>\n\t\t\t\t<\/a>\n<h4><a href=\"https:\/\/pascaljolivet.com\/de\/produkte\/weine\/sancerre\/sancerre-nature-pinot-noir\/\" target=\"_self\">Sancerre Nature Rouge<\/a><\/h4>\t\n<h2>\n\t\tAusgewogenheit, Frische und Pr\u00e4zision: der Stil von Pascal Jolivet\n\t<\/h2>\n\tWenn Terroir, Know-how und Geduld die Komplexit\u00e4t von Sauvignon Blanc und Pinot Noir freilegen und hervorheben.<br \/>\n\u201eTalent und Geschmack reichen nicht aus, nur Stil z\u00e4hlt\u201c P. Cardin\n\t\t\t\t<a href=\"\/de\/weine\/attitude\/\"  target=\"_self\" itemprop=\"url\">\n\t\t\t\t<img loading=\"lazy\" decoding=\"async\" src=\"https:\/\/pascaljolivet.com\/wp-content\/uploads\/2017\/01\/cta-gamme2021-attitude.jpg\" alt=\"cta-gamme2021-Einstellung\" itemprop=\"image\" height=\"792\" width=\"1116\" title=\"cta-gamme2021-Einstellung\" onerror=\"this.style.display='none'\"  \/>\n\t\t\t\t<\/a>\n\t<p>Das Loiretal ist eine Region reich an Geschichte und Kulturerbe. Unser Anwesen ist von den Schl\u00f6ssern Cheverny und Chambord umgeben.<\/p>\n\t\t\t\t<a href=\"\/de\/weine\/sancerre-pouilly-fume\/\"  target=\"_self\" itemprop=\"url\">\n\t\t\t\t<img loading=\"lazy\" decoding=\"async\" src=\"https:\/\/pascaljolivet.com\/wp-content\/uploads\/2017\/01\/cta-gamme2021-sancerre.jpg\" alt=\"cta-gamme2021-sancerre\" itemprop=\"image\" height=\"792\" width=\"1116\" title=\"cta-gamme2021-sancerre\" onerror=\"this.style.display='none'\"  \/>\n\t\t\t\t<\/a>\n\t<p>Zwei Rebsorten, drei Terroirs und ausschlie\u00dflich nat\u00fcrliche Weinbereitung. Wir offenbaren den einzigartigen Ausdruck unserer Sancerre- und Pouilly-Fum\u00e9-Weine.<\/p>\n\t\t\t\t<a href=\"\/de\/weine\/metis\/\"  target=\"_self\" itemprop=\"url\">\n\t\t\t\t<img loading=\"lazy\" decoding=\"async\" src=\"https:\/\/pascaljolivet.com\/wp-content\/uploads\/2017\/01\/cta-gamme-metis.jpg\" alt=\"cta-range-metis\" itemprop=\"image\" height=\"792\" width=\"1116\" title=\"cta-range-metis\" onerror=\"this.style.display='none'\"  \/>\n\t\t\t\t<\/a>\n\t<p>Unsere Partnerschaft mit diesem legend\u00e4ren Weingut in Kapstadt, S\u00fcdafrika, pr\u00e4sentiert den Stil des Sauvignon Blanc von Pascal Jolivet.<\/p>","protected":false},"excerpt":{"rendered":"<p>NATURWEINE Pouilly-Fum\u00e9 Nature Sancerre Nature Red Ausgewogenheit, Frische und Pr\u00e4zision: der Stil von Pascal Jolivet. Wenn Terroir, Expertise und Geduld die Komplexit\u00e4t von Sauvignon Blanc und Pinot Noir offenbaren und unterstreichen. \u00abTalent und Geschmack gen\u00fcgen nicht, nur der Stil z\u00e4hlt.\u00bb P. Cardin. Die Loire ist eine Region\u2026<\/p>","protected":false},"author":2,"featured_media":0,"parent":3580,"menu_order":1,"comment_status":"closed","ping_status":"closed","template":"","meta":{"_acf_changed":false,"_seopress_robots_primary_cat":"","_seopress_titles_title":"","_seopress_titles_desc":"","_seopress_robots_index":"","inline_featured_image":false,"footnotes":""},"class_list":["post-39271","page","type-page","status-publish","hentry"],"acf":[],"_links":{"self":[{"href":"https:\/\/pascaljolivet.com\/de\/wp-json\/wp\/v2\/pages\/39271","targetHints":{"allow":["GET"]}}],"collection":[{"href":"https:\/\/pascaljolivet.com\/de\/wp-json\/wp\/v2\/pages"}],"about":[{"href":"https:\/\/pascaljolivet.com\/de\/wp-json\/wp\/v2\/types\/page"}],"author":[{"embeddable":true,"href":"https:\/\/pascaljolivet.com\/de\/wp-json\/wp\/v2\/users\/2"}],"replies":[{"embeddable":true,"href":"https:\/\/pascaljolivet.com\/de\/wp-json\/wp\/v2\/comments?post=39271"}],"version-history":[{"count":2,"href":"https:\/\/pascaljolivet.com\/de\/wp-json\/wp\/v2\/pages\/39271\/revisions"}],"predecessor-version":[{"id":91851,"href":"https:\/\/pascaljolivet.com\/de\/wp-json\/wp\/v2\/pages\/39271\/revisions\/91851"}],"up":[{"embeddable":true,"href":"https:\/\/pascaljolivet.com\/de\/wp-json\/wp\/v2\/pages\/3580"}],"wp:attachment":[{"href":"https:\/\/pascaljolivet.com\/de\/wp-json\/wp\/v2\/media?parent=39271"}],"curies":[{"name":"wp","href":"https:\/\/api.w.org\/{rel}","templated":true}]}}