{"id":36108,"date":"2019-10-21T17:53:45","date_gmt":"2019-10-21T16:53:45","guid":{"rendered":"https:\/\/pascaljolivet.com\/?page_id=36108"},"modified":"2019-10-21T22:07:23","modified_gmt":"2019-10-21T21:07:23","slug":"datenschutzrichtlinie","status":"publish","type":"page","link":"https:\/\/pascaljolivet.com\/de\/politique-de-confidentialite\/","title":{"rendered":"Datenschutzrichtlinie"},"content":{"rendered":"<h1>\n\t\tCharta f\u00fcr personenbezogene Daten\n\t<\/h1>\n\t<p>Im Rahmen seiner T\u00e4tigkeit erhebt das Unternehmen Pascal Jolivet personenbezogene Daten.<\/p>\n<p>Die von der Firma Pascal Jolivet erhobenen Daten werden gem\u00e4\u00df den Bestimmungen des Gesetzes \u00fcber Informatik, Dateien und Freiheiten vom 6. Januar 1978 in der zum Zeitpunkt der Ver\u00f6ffentlichung geltenden Fassung sowie gem\u00e4\u00df den Bestimmungen der Datenschutz-Grundverordnung erhoben, aufgezeichnet und gespeichert.<\/p>\n<p>Das Unternehmen Pascal Jolivet verpflichtet sich sicherzustellen, dass die Erhebung und Verarbeitung Ihrer Daten \u00fcber die Website pascaljolivet.com der Datenschutz-Grundverordnung (DSGVO) und dem franz\u00f6sischen Datenschutzgesetz entspricht.<\/p>\n<p>Die Formulare beschr\u00e4nken die Erhebung personenbezogener Daten auf das unbedingt Notwendige (Datenminimierung) und geben insbesondere an: Welche Ziele werden mit der Erhebung dieser Daten verfolgt (Zwecke); ob diese Daten f\u00fcr die Bearbeitung Ihrer Anfrage obligatorisch oder optional sind; wer m\u00f6glicherweise Zugriff darauf hat.<\/p>\n<p>Die im Rahmen der angebotenen Dienste erhobenen personenbezogenen Daten werden gem\u00e4\u00df sicheren Protokollen verarbeitet und erm\u00f6glichen dem Unternehmen Pascal Jolivet die Verwaltung der in seinen IT-Anwendungen eingehenden Anfragen.<\/p>\n<p>F\u00fcr Informationen oder zur Aus\u00fcbung Ihrer Rechte hinsichtlich der Datenverarbeitung und des Datenschutzes in Bezug auf personenbezogene Daten, die von der Firma Pascal Jolivet verwaltet werden, k\u00f6nnen Sie sich an den Datenschutzbeauftragten (DSB) wenden: per E-Mail unter Angabe des Betreffs Ihrer Anfrage und Beif\u00fcgung einer Kopie Ihres Ausweisdokuments oder per unterschriebenem Brief mit einer Kopie Ihres Ausweisdokuments an die folgende Adresse:<\/p>\n<p>Pascal Jolivet LES FRANCHES 18300 SANCERRE<\/p>\n<h3>\u00dcber Cookies<\/h3>\n<p>Wir verwenden auf der Website verschiedene Cookies, um die Interaktivit\u00e4t der Website und unsere Dienste zu verbessern. Dazu geh\u00f6ren die Erfassung von Nutzungsstatistiken f\u00fcr die Website pascaljolivet.com, die Standortdienste von Google Maps und die f\u00fcr Nutzer verf\u00fcgbaren Funktionen zum Teilen in sozialen Medien.<\/p>\n<h3>Was ist ein \u00abCookie\u00bb?<\/h3>\n<p>Ein \u00abCookie\u00bb ist eine kleine Datei, die \u00fcblicherweise aus Buchstaben und Zahlen besteht und vom Webserver an den Cookie-Speicher des Browsers auf der Festplatte Ihres Computers gesendet wird. Diese Funktionen verwenden Cookies von Drittanbietern, die direkt von diesen Diensten platziert werden.<\/p>\n<p>Wenn Sie die Website pascaljolivet.com zum ersten Mal besuchen, werden Sie durch ein Banner \u00fcber das Vorhandensein dieser Cookies informiert und aufgefordert, Ihre Auswahl anzugeben. Sie werden nur platziert, wenn Sie sie akzeptieren oder wenn Sie die Website weiter durchsuchen, indem Sie eine zweite Seite des pascaljolivet.com-Netzwerks aufrufen.<\/p>\n<p>Sie k\u00f6nnen mehr erfahren und Ihre Cookies jederzeit in Ihrem Internetbrowser so konfigurieren, dass sie akzeptiert oder abgelehnt werden. Sie k\u00f6nnen Ihre Pr\u00e4ferenz entweder global f\u00fcr die Site oder pro Seite angeben.<\/p>\n<p>Diese Cookies werden automatisch von der Betriebssystemplattform generiert; Pascal Jolivet ist an ihrer Generierung nicht beteiligt.<\/p>\n<p>Sie haben jedoch je nach genutzter Plattform die M\u00f6glichkeit, diesen zu widersprechen, sie \u00fcber Ihre Browsereinstellungen zu l\u00f6schen oder auch zu blockieren.<\/p>\n<p><strong>Sicherheit<\/strong>\u00a0: Wir treffen alle notwendigen Vorkehrungen, um die Integrit\u00e4t der Daten und ihre Vertraulichkeit zu wahren und jegliche Weitergabe an unbefugte Dritte zu verhindern.<\/p>\n<p><strong>Statistische Trackingdaten<\/strong>\u00a0: Wir verwenden Verbindungsdaten f\u00fcr unsere Konsultationsstatistiken (Browsertyp, Besucherzahl, besuchte Bereiche usw.), um unsere Site hinsichtlich der Bereiche und der Navigation zu optimieren. Diese Informationen werden jedoch nicht an Dritte weitergegeben.<\/p>\n<p><strong>Cookies von Drittanbietern<\/strong> : Die Websites der Website pascaljolivet.com verwenden zwei Arten von Cookies von Drittanbietern:<\/p>\n<p>Cookies zur Verbesserung der Interaktivit\u00e4t der Website und ihrer Multimedia-Inhalte (Youtube, Facebook, Twitter, Addthis, Google Map)<\/p>\n<p>Cookies zur \u00dcberwachung des Datenverkehrs und zur Gew\u00e4hrleistung einer reibungslosen Navigation (Google Analytics, Sitzungscookies zur Verarbeitung von Online-Spenden und zur Navigation auf der Kalenderseite)<\/p>","protected":false},"excerpt":{"rendered":"<p>Datenschutz-Grundverordnung (DSGVO) Im Rahmen seiner Gesch\u00e4ftst\u00e4tigkeit erhebt Pascal Jolivet personenbezogene Daten. Die von Pascal Jolivet erhobenen Daten werden gem\u00e4\u00df den Bestimmungen des franz\u00f6sischen Datenschutzgesetzes vom 6. Januar 1978 in seiner ge\u00e4nderten Fassung erhoben, erfasst und gespeichert.<\/p>","protected":false},"author":2,"featured_media":0,"parent":0,"menu_order":0,"comment_status":"closed","ping_status":"closed","template":"","meta":{"_acf_changed":false,"_seopress_robots_primary_cat":"","_seopress_titles_title":"","_seopress_titles_desc":"","_seopress_robots_index":"","inline_featured_image":false,"footnotes":""},"class_list":["post-36108","page","type-page","status-publish","hentry"],"acf":[],"_links":{"self":[{"href":"https:\/\/pascaljolivet.com\/de\/wp-json\/wp\/v2\/pages\/36108","targetHints":{"allow":["GET"]}}],"collection":[{"href":"https:\/\/pascaljolivet.com\/de\/wp-json\/wp\/v2\/pages"}],"about":[{"href":"https:\/\/pascaljolivet.com\/de\/wp-json\/wp\/v2\/types\/page"}],"author":[{"embeddable":true,"href":"https:\/\/pascaljolivet.com\/de\/wp-json\/wp\/v2\/users\/2"}],"replies":[{"embeddable":true,"href":"https:\/\/pascaljolivet.com\/de\/wp-json\/wp\/v2\/comments?post=36108"}],"version-history":[{"count":0,"href":"https:\/\/pascaljolivet.com\/de\/wp-json\/wp\/v2\/pages\/36108\/revisions"}],"wp:attachment":[{"href":"https:\/\/pascaljolivet.com\/de\/wp-json\/wp\/v2\/media?parent=36108"}],"curies":[{"name":"wp","href":"https:\/\/api.w.org\/{rel}","templated":true}]}}