{"id":3576,"date":"2017-02-20T17:30:48","date_gmt":"2017-02-20T16:30:48","guid":{"rendered":"http:\/\/dev.bikloz.net\/?page_id=3576"},"modified":"2025-04-02T13:01:28","modified_gmt":"2025-04-02T12:01:28","slug":"attitude","status":"publish","type":"page","link":"https:\/\/pascaljolivet.com\/de\/vins\/attitude\/","title":{"rendered":"Attitude \u2013 100% Loire"},"content":{"rendered":"<h1>ATTIT\u00dcDE<\/h1>\r\n<h2>L&rsquo;origine<\/h2>\r\n<hr \/>\r\n<p>\u00ab\u00a0Attitude\u00a0\u00bb est une r\u00e9flexion men\u00e9e par Pascal Jolivet depuis 2001. L&rsquo;id\u00e9e \u00e9tant d&rsquo;\u00e9laborer un vin de tr\u00e8s haute qualit\u00e9 en dehors du Sancerrois tout en restant dans la Loire, le meilleur terroir au Monde pour le c\u00e9page Sauvignon Blanc. Sa passion pour ce c\u00e9page l&rsquo;ont alors orient\u00e9 dans une r\u00e9gion riche en histoire et en patrimoine, pr\u00e8s des magnifiques Ch\u00e2teaux de Cheverny et de Chambord.<\/p>\r\n<h2>Ein einzigartiger Stil<\/h2>\r\n<hr \/>\r\n<p>Compos\u00e9 principalement de cinq parcelles, notre vignoble s&rsquo;agrandi en 2016 et s&rsquo;\u00e9tend d\u00e9sormais sur 30 hectares de calcaires et de silex. \u00ab Attitude \u00bb est le fruit de cette r\u00e9flexion et du savoir faire naturel de la Maison Pascal Jolivet. Son identit\u00e9 et sa particularit\u00e9 donnent un style unique \u00e0 ce vin sign\u00e9 Pascal Jolivet.<\/p>\r\n<p><a href=\"https:\/\/pascaljolivet.com\/de\/produkte\/weine\/attitude\/sauvignon-blanc-attitude-igp-aus-dem-loiretal\/\" target=\"_self\"> <img loading=\"lazy\" decoding=\"async\" title=\"Attitude White NV Web\" src=\"https:\/\/pascaljolivet.com\/wp-content\/uploads\/2025\/03\/attitude-blanc-nv-web-1.png\" alt=\"Attitude White NV Web\" width=\"1365\" height=\"2048\" \/> <\/a><\/p>\r\n<h4><a href=\"https:\/\/pascaljolivet.com\/de\/produkte\/weine\/attitude\/sauvignon-blanc-attitude-igp-aus-dem-loiretal\/\" target=\"_self\">ATTITUDE &#8211; Sauvignon Blanc<\/a><\/h4>\r\n<p><a href=\"https:\/\/pascaljolivet.com\/de\/produkte\/weine\/attitude\/pinot-noir-attitude-igp-des-loiretals\/\" target=\"_self\"> <img loading=\"lazy\" decoding=\"async\" title=\"attitude rouge nv web\" src=\"https:\/\/pascaljolivet.com\/wp-content\/uploads\/2025\/03\/attitude-rouge-nv-cropped.png\" alt=\"attitude rouge nv web\" width=\"1365\" height=\"2048\" \/> <\/a><\/p>\r\n<h4><a href=\"https:\/\/pascaljolivet.com\/de\/produkte\/weine\/attitude\/pinot-noir-attitude-igp-des-loiretals\/\" target=\"_self\">ATTITUDE &#8211; Pinot Noir<\/a><\/h4>\r\n<p><a href=\"https:\/\/pascaljolivet.com\/de\/produkte\/weine\/attitude\/rosa-haltung\/\" target=\"_self\"> <img loading=\"lazy\" decoding=\"async\" title=\"attitude ros\u00e9 nv web\" src=\"https:\/\/pascaljolivet.com\/wp-content\/uploads\/2025\/03\/attitude-rose-nv-web-1.png\" alt=\"attitude ros\u00e9 nv web\" width=\"1365\" height=\"2048\" \/> <\/a><\/p>\r\n<h4><a href=\"https:\/\/pascaljolivet.com\/de\/produkte\/weine\/attitude\/rosa-haltung\/\" target=\"_self\">ATTITUDE &#8211; Ros\u00e9<\/a><\/h4>\r\n<h2>Ausgewogenheit, Frische und Pr\u00e4zision: der Stil von Pascal Jolivet<\/h2>\r\n<p>Wenn Terroir, Know-how und Geduld die Komplexit\u00e4t von Sauvignon Blanc und Pinot Noir freilegen und hervorheben.<br \/>\u201eTalent und Geschmack reichen nicht aus, nur Stil z\u00e4hlt\u201c P. Cardin <a href=\"\/de\/weine\/attitude\/\" target=\"_self\"> <img loading=\"lazy\" decoding=\"async\" title=\"cta-gamme2021-Einstellung\" src=\"https:\/\/pascaljolivet.com\/wp-content\/uploads\/2017\/01\/cta-gamme2021-attitude.jpg\" alt=\"cta-gamme2021-Einstellung\" width=\"1116\" height=\"792\" \/> <\/a><\/p>\r\n<p>Das Loiretal ist eine Region reich an Geschichte und Kulturerbe. Unser Anwesen ist von den Schl\u00f6ssern Cheverny und Chambord umgeben.<\/p>\r\n<p><a href=\"\/de\/weine\/sancerre-pouilly-fume\/\" target=\"_self\"> <img loading=\"lazy\" decoding=\"async\" title=\"cta-gamme2021-sancerre\" src=\"https:\/\/pascaljolivet.com\/wp-content\/uploads\/2017\/01\/cta-gamme2021-sancerre.jpg\" alt=\"cta-gamme2021-sancerre\" width=\"1116\" height=\"792\" \/> <\/a><\/p>\r\n<p>Zwei Rebsorten, drei Terroirs und ausschlie\u00dflich nat\u00fcrliche Weinbereitung. Wir offenbaren den einzigartigen Ausdruck unserer Sancerre- und Pouilly-Fum\u00e9-Weine.<\/p>\r\n<p><a href=\"\/de\/weine\/metis\/\" target=\"_self\"> <img loading=\"lazy\" decoding=\"async\" title=\"CTA-Reihenausgabe\" src=\"https:\/\/pascaljolivet.com\/wp-content\/uploads\/2025\/03\/cta-gamme-edition-1.png\" alt=\"CTA-Reihenausgabe\" width=\"1116\" height=\"792\" \/> <\/a><\/p>\r\n<p>Unsere neue Marke ist ein erhabener Ausdruck von Sauvignon Blanc und Pinot Noir\/Gamay aus den Weinbergen in der N\u00e4he von Cosne sur Loire.<\/p>","protected":false},"excerpt":{"rendered":"<p>ATTITUDE L&rsquo;origine \u00ab\u00a0Attitude\u00a0\u00bb est une r\u00e9flexion men\u00e9e par Pascal Jolivet depuis 2001. L&rsquo;id\u00e9e \u00e9tant d&rsquo;\u00e9laborer un vin de tr\u00e8s haute qualit\u00e9 en dehors du Sancerrois tout en restant dans la Loire, le meilleur terroir au Monde pour le c\u00e9page Sauvignon Blanc. Sa passion pour ce c\u00e9page l&rsquo;ont alors orient\u00e9 dans une r\u00e9gion riche en histoire&hellip;<\/p>","protected":false},"author":2,"featured_media":0,"parent":3304,"menu_order":1,"comment_status":"closed","ping_status":"closed","template":"","meta":{"_acf_changed":false,"_seopress_robots_primary_cat":"","_seopress_titles_title":"","_seopress_titles_desc":"","_seopress_robots_index":"","inline_featured_image":false,"footnotes":""},"class_list":["post-3576","page","type-page","status-publish","hentry"],"acf":[],"_links":{"self":[{"href":"https:\/\/pascaljolivet.com\/de\/wp-json\/wp\/v2\/pages\/3576","targetHints":{"allow":["GET"]}}],"collection":[{"href":"https:\/\/pascaljolivet.com\/de\/wp-json\/wp\/v2\/pages"}],"about":[{"href":"https:\/\/pascaljolivet.com\/de\/wp-json\/wp\/v2\/types\/page"}],"author":[{"embeddable":true,"href":"https:\/\/pascaljolivet.com\/de\/wp-json\/wp\/v2\/users\/2"}],"replies":[{"embeddable":true,"href":"https:\/\/pascaljolivet.com\/de\/wp-json\/wp\/v2\/comments?post=3576"}],"version-history":[{"count":5,"href":"https:\/\/pascaljolivet.com\/de\/wp-json\/wp\/v2\/pages\/3576\/revisions"}],"predecessor-version":[{"id":92535,"href":"https:\/\/pascaljolivet.com\/de\/wp-json\/wp\/v2\/pages\/3576\/revisions\/92535"}],"up":[{"embeddable":true,"href":"https:\/\/pascaljolivet.com\/de\/wp-json\/wp\/v2\/pages\/3304"}],"wp:attachment":[{"href":"https:\/\/pascaljolivet.com\/de\/wp-json\/wp\/v2\/media?parent=3576"}],"curies":[{"name":"wp","href":"https:\/\/api.w.org\/{rel}","templated":true}]}}