{"id":34996,"date":"2017-06-20T10:46:37","date_gmt":"2017-06-20T08:46:37","guid":{"rendered":"https:\/\/pascaljolivet.com\/?page_id=34996\/"},"modified":"2019-10-21T22:10:05","modified_gmt":"2019-10-21T21:10:05","slug":"rechtliche-hinweise","status":"publish","type":"page","link":"https:\/\/pascaljolivet.com\/de\/mentions-legales\/","title":{"rendered":"Rechtliche Hinweise"},"content":{"rendered":"<h1>\n\t\tRECHTLICHE HINWEISE\n\t<\/h1>\n<p>Die Site <a href=\"https:\/\/pascaljolivet.com\/de\/\">pascaljolivet.com<\/a> wird von der Firma Pascal Jolivet SAS mit Sitz in LES FRANCHES 18300 SANCERRE herausgegeben, mit einem Kapital von 400.775,00 \u20ac, eingetragen im RCS von Bourges unter der Nummer 322 994 831.<\/p>\n<hr \/>\n<p><strong>USt-IdNr.<\/strong> : FR95322994831<\/p>\n<p>An der Spitze steht Herr Pascal Jolivet als Pr\u00e4sident.<\/p>\n<p><strong>Leiter der Publikation\u00a0<\/strong>: Pascal Jolivet<\/p>\n<p>So \u00fcben Sie Ihr Recht auf Zugriff, Berichtigung und L\u00f6schung aus: info@pascal-jolivet.com<\/p>\n<p><strong>Datenschutzbeauftragter<\/strong> : Pascal Jolivet<\/p>\n<p><strong>Gastgeber\u00a0<\/strong>: OVH<\/p>\nSAS mit einem Kapital von 10.069.020 \u20ac<br \/>\nRCS Lille M\u00e9tropole 424 761 419 00045<br \/>\nAPE-Code 2620Z<br \/>\nUSt-IdNr.: FR 22 424 761 419<br \/>\nSi\u00e8ge social : 2 rue Kellermann &#8211; 59100 Roubaix &#8211; France\n<strong>Pascal Jolivet<\/strong><br \/>\nDIE FRANCHES 18300<br \/>\nSANCERRE\n<p>&nbsp;<\/p>\n<p><strong>Erstellung der Site<\/strong> : <a href=\"https:\/\/bikloz.com\">Agentur Bikloz<\/a><\/p>\n<p><strong>Fotos<\/strong> : Alle Rechte vorbehalten<\/p>","protected":false},"excerpt":{"rendered":"<p>MENTIONS L\u00c9GALES Le site pascaljolivet.com est \u00e9dit\u00e9 par la soci\u00e9t\u00e9 Pascal Jolivet SAS sis \u00e0 LES FRANCHES 18300 SANCERRE, au capital de 400 775,00 \u20ac, enregistr\u00e9e au n\u00b0 RCS de Bourges, sous le n\u00b0322 994 831. N\u00b0 de TVA : FR95322994831 Elle est dirig\u00e9e par M. Pascal Jolivet, en qualit\u00e9 de pr\u00e9sident. Directeur de la&hellip;<\/p>","protected":false},"author":2,"featured_media":0,"parent":0,"menu_order":0,"comment_status":"closed","ping_status":"closed","template":"","meta":{"_acf_changed":false,"_seopress_robots_primary_cat":"","_seopress_titles_title":"","_seopress_titles_desc":"","_seopress_robots_index":"","inline_featured_image":false,"footnotes":""},"class_list":["post-34996","page","type-page","status-publish","hentry"],"acf":[],"_links":{"self":[{"href":"https:\/\/pascaljolivet.com\/de\/wp-json\/wp\/v2\/pages\/34996","targetHints":{"allow":["GET"]}}],"collection":[{"href":"https:\/\/pascaljolivet.com\/de\/wp-json\/wp\/v2\/pages"}],"about":[{"href":"https:\/\/pascaljolivet.com\/de\/wp-json\/wp\/v2\/types\/page"}],"author":[{"embeddable":true,"href":"https:\/\/pascaljolivet.com\/de\/wp-json\/wp\/v2\/users\/2"}],"replies":[{"embeddable":true,"href":"https:\/\/pascaljolivet.com\/de\/wp-json\/wp\/v2\/comments?post=34996"}],"version-history":[{"count":0,"href":"https:\/\/pascaljolivet.com\/de\/wp-json\/wp\/v2\/pages\/34996\/revisions"}],"wp:attachment":[{"href":"https:\/\/pascaljolivet.com\/de\/wp-json\/wp\/v2\/media?parent=34996"}],"curies":[{"name":"wp","href":"https:\/\/api.w.org\/{rel}","templated":true}]}}