{"id":3442,"date":"2017-01-31T16:13:36","date_gmt":"2017-01-31T15:13:36","guid":{"rendered":"http:\/\/dev.bikloz.net\/?page_id=3442"},"modified":"2025-04-23T16:34:24","modified_gmt":"2025-04-23T15:34:24","slug":"reiner-ausdruck","status":"publish","type":"page","link":"https:\/\/pascaljolivet.com\/de\/vins\/sancerre-pouilly-fume\/pure-expression\/","title":{"rendered":"Reiner Ausdruck"},"content":{"rendered":"<h1>\n\t\treiner Ausdruck\n\t<\/h1>\n\t<p>Jedes Terroir pr\u00e4gt die Reben auf seine Weise; es liegt dann am Winzer, sein Fachwissen in die Praxis umzusetzen. Diese beiden Weine sind das Ergebnis einer Philosophie, einer Ethik, vor allem aber der Ausdruck zweier gro\u00dfartiger Terroirs.\u00a0<\/p>\n\t\t\t\t<a href=\"https:\/\/pascaljolivet.com\/de\/produkte\/weine\/reiner-ausdruck\/wilder-weiser-sancerre\/\"  target=\"_self\" itemprop=\"url\">\n\t\t\t\t<img loading=\"lazy\" decoding=\"async\" src=\"https:\/\/pascaljolivet.com\/wp-content\/uploads\/2025\/04\/pureexpression-sauvage-1365x2048-1.png\" alt=\"pureexpression wild 1365x2048\" itemprop=\"image\" height=\"2048\" width=\"1365\" title=\"pureexpression wild 1365x2048\" onerror=\"this.style.display='none'\"  \/>\n\t\t\t\t<\/a>\n<h4><a href=\"https:\/\/pascaljolivet.com\/de\/produkte\/weine\/reiner-ausdruck\/wilder-weiser-sancerre\/\" target=\"_self\">Sancerre Blanc \u201eSauvage\u201c<\/a><\/h4>\t\n\t\t\t\t<a href=\"https:\/\/pascaljolivet.com\/de\/produkte\/weine\/reiner-ausdruck\/wilder-weiser-sancerre\/\"  target=\"_self\" itemprop=\"url\">\n\t\t\t\t<img loading=\"lazy\" decoding=\"async\" src=\"https:\/\/pascaljolivet.com\/wp-content\/uploads\/2025\/04\/pureexpression-autochtone-1365x2048-1.png\" alt=\"pureexpression aboriginal 1365x2048\" itemprop=\"image\" height=\"2048\" width=\"1365\" title=\"pureexpression aboriginal 1365x2048\" onerror=\"this.style.display='none'\"  \/>\n\t\t\t\t<\/a>\n<h4><a href=\"https:\/\/pascaljolivet.com\/de\/produkte\/weine\/reiner-ausdruck\/wilder-weiser-sancerre\/\" target=\"_self\">Sancerre Rouge \u00abIndigene\u00bb<\/a><\/h4>\t\n\t\t\t\t<a href=\"https:\/\/pascaljolivet.com\/de\/produkte\/weine\/reiner-ausdruck\/pouilly-raucht-einheimische\/\"  target=\"_self\" itemprop=\"url\">\n\t\t\t\t<img loading=\"lazy\" decoding=\"async\" src=\"https:\/\/pascaljolivet.com\/wp-content\/uploads\/2025\/04\/pureexpression-indigene-1365x2048-1.png\" alt=\"pureexpression indigen 1365x2048\" itemprop=\"image\" height=\"2048\" width=\"1365\" title=\"pureexpression indigen 1365x2048\" onerror=\"this.style.display='none'\"  \/>\n\t\t\t\t<\/a>\n<h4><a href=\"https:\/\/pascaljolivet.com\/de\/produkte\/weine\/reiner-ausdruck\/pouilly-raucht-einheimische\/\" target=\"_self\">Pouilly Fum\u00e9 \u201eNative\u201c<\/a><\/h4>\t\n<h2>\n\t\tAusgewogenheit, Frische und Pr\u00e4zision: der Stil von Pascal Jolivet\n\t<\/h2>\n\tWenn Terroir, Know-how und Geduld die Komplexit\u00e4t von Sauvignon Blanc und Pinot Noir freilegen und hervorheben.<br \/>\n\u201eTalent und Geschmack reichen nicht aus, nur Stil z\u00e4hlt\u201c P. Cardin\n\t\t\t\t<a href=\"\/de\/weine\/attitude\/\"  target=\"_self\" itemprop=\"url\">\n\t\t\t\t<img loading=\"lazy\" decoding=\"async\" src=\"https:\/\/pascaljolivet.com\/wp-content\/uploads\/2017\/01\/cta-gamme2021-attitude.jpg\" alt=\"cta-gamme2021-Einstellung\" itemprop=\"image\" height=\"792\" width=\"1116\" title=\"cta-gamme2021-Einstellung\" onerror=\"this.style.display='none'\"  \/>\n\t\t\t\t<\/a>\n\t<p>Das Loiretal ist eine Region reich an Geschichte und Kulturerbe. Unser Anwesen ist von den Schl\u00f6ssern Cheverny und Chambord umgeben.<\/p>\n\t\t\t\t<a href=\"\/de\/weine\/sancerre-pouilly-fume\/\"  target=\"_self\" itemprop=\"url\">\n\t\t\t\t<img loading=\"lazy\" decoding=\"async\" src=\"https:\/\/pascaljolivet.com\/wp-content\/uploads\/2017\/01\/cta-gamme2021-sancerre.jpg\" alt=\"cta-gamme2021-sancerre\" itemprop=\"image\" height=\"792\" width=\"1116\" title=\"cta-gamme2021-sancerre\" onerror=\"this.style.display='none'\"  \/>\n\t\t\t\t<\/a>\n\t<p>Zwei Rebsorten, drei Terroirs und ausschlie\u00dflich nat\u00fcrliche Weinbereitung. Wir offenbaren den einzigartigen Ausdruck unserer Sancerre- und Pouilly-Fum\u00e9-Weine.<\/p>\n\t\t\t\t<a href=\"https:\/\/pascaljolivet.com\/de\/weine\/hugel-von-giennois\/\"  target=\"_self\" itemprop=\"url\">\n\t\t\t\t<img loading=\"lazy\" decoding=\"async\" src=\"https:\/\/pascaljolivet.com\/wp-content\/uploads\/2025\/03\/cta-gamme-edition-1.png\" alt=\"CTA-Reihenausgabe\" itemprop=\"image\" height=\"792\" width=\"1116\" title=\"CTA-Reihenausgabe\" onerror=\"this.style.display='none'\"  \/>\n\t\t\t\t<\/a>\n\t<p>Unsere neue Marke ist ein erhabener Ausdruck von Sauvignon Blanc und Pinot Noir\/Gamay aus den Weinbergen in der N\u00e4he von Cosne sur Loire.<\/p>","protected":false},"excerpt":{"rendered":"<p>Reiner Ausdruck. Jedes Terroir n\u00e4hrt die Reben auf seine Weise; nun ist es an den Winzern, ihr K\u00f6nnen unter Beweis zu stellen. Diese beiden Weine sind das Ergebnis einer Philosophie, einer Ethik, vor allem aber der Ausdruck zweier gro\u00dfartiger Terroirs. Sancerre Blanc \u00abSauvage\u00bb (Wild), Sancerre Rouge \u00abAutochtone\u00bb (Einheimisch), Pouilly-Fum\u00e9 \u00abIndig\u00e8ne\u00bb (Einheimisch). Ausgewogenheit, Frische\u2026<\/p>","protected":false},"author":2,"featured_media":0,"parent":3580,"menu_order":4,"comment_status":"closed","ping_status":"closed","template":"","meta":{"_acf_changed":false,"_seopress_robots_primary_cat":"","_seopress_titles_title":"","_seopress_titles_desc":"","_seopress_robots_index":"","inline_featured_image":false,"footnotes":""},"class_list":["post-3442","page","type-page","status-publish","hentry"],"acf":[],"_links":{"self":[{"href":"https:\/\/pascaljolivet.com\/de\/wp-json\/wp\/v2\/pages\/3442","targetHints":{"allow":["GET"]}}],"collection":[{"href":"https:\/\/pascaljolivet.com\/de\/wp-json\/wp\/v2\/pages"}],"about":[{"href":"https:\/\/pascaljolivet.com\/de\/wp-json\/wp\/v2\/types\/page"}],"author":[{"embeddable":true,"href":"https:\/\/pascaljolivet.com\/de\/wp-json\/wp\/v2\/users\/2"}],"replies":[{"embeddable":true,"href":"https:\/\/pascaljolivet.com\/de\/wp-json\/wp\/v2\/comments?post=3442"}],"version-history":[{"count":3,"href":"https:\/\/pascaljolivet.com\/de\/wp-json\/wp\/v2\/pages\/3442\/revisions"}],"predecessor-version":[{"id":93112,"href":"https:\/\/pascaljolivet.com\/de\/wp-json\/wp\/v2\/pages\/3442\/revisions\/93112"}],"up":[{"embeddable":true,"href":"https:\/\/pascaljolivet.com\/de\/wp-json\/wp\/v2\/pages\/3580"}],"wp:attachment":[{"href":"https:\/\/pascaljolivet.com\/de\/wp-json\/wp\/v2\/media?parent=3442"}],"curies":[{"name":"wp","href":"https:\/\/api.w.org\/{rel}","templated":true}]}}