{"id":3406,"date":"2017-01-31T16:05:46","date_gmt":"2017-01-31T15:05:46","guid":{"rendered":"http:\/\/dev.bikloz.net\/?page_id=3406"},"modified":"2025-04-03T13:05:34","modified_gmt":"2025-04-03T12:05:34","slug":"die-weisen-erdklumpen","status":"publish","type":"page","link":"https:\/\/pascaljolivet.com\/de\/vins\/sancerre-pouilly-fume\/les-caillottes-terres-blanches\/","title":{"rendered":"Les Caillottes &#8211; Terres Blanches"},"content":{"rendered":"<h1>\n\t\tLes Caillottes &#8211; Terres Blanches\n\t<\/h1>\n\tChaque terroir a sa propre identit\u00e9, notre \u00abbio\u00advinification\u00bb permet de sublimer leurs qualit\u00e9s et styles. Le Sancerrois se compose de quatre terroirs (dont trois principaux), le Calcaire (40% de l&rsquo;appellation), l&rsquo;Argilo-Calcaire (40% de l&rsquo;appellation), le Silex (15% de l&rsquo;appellation) et Les griottes (5%, Bu\u00e9 et Cr\u00e9zancy).<br \/>\n Ces deux vins expriment les caract\u00e9ristiques du calcaire du Sancerre et de l&rsquo;argilo-calcaire du Pouilly Fum\u00e9.\n\t\t\t\t<a href=\"https:\/\/pascaljolivet.com\/de\/produkte\/weine\/sancerre\/weise-caillottes-aus-sancerre\/\"  target=\"_self\" itemprop=\"url\">\n\t\t\t\t<img loading=\"lazy\" decoding=\"async\" src=\"https:\/\/pascaljolivet.com\/wp-content\/uploads\/2025\/04\/lescaillottes-nv.png\" alt=\"lescaillottes nv\" itemprop=\"image\" height=\"3500\" width=\"2000\" title=\"lescaillottes nv\" onerror=\"this.style.display='none'\"  \/>\n\t\t\t\t<\/a>\n<h4><a href=\"https:\/\/pascaljolivet.com\/de\/produkte\/weine\/sancerre\/weise-caillottes-aus-sancerre\/\" target=\"_self\">Sancerre Wei\u00df \u201eLes Caillottes\u201c<\/a><\/h4>\t\n\t\t\t\t<a href=\"https:\/\/pascaljolivet.com\/de\/produkte\/weine\/sancerre\/pouilly-fume-terres-blanches-sauvignon-blanc\/\"  target=\"_self\" itemprop=\"url\">\n\t\t\t\t<img loading=\"lazy\" decoding=\"async\" src=\"https:\/\/pascaljolivet.com\/wp-content\/uploads\/2025\/04\/terresblanches-nv.png\" alt=\"terresblanches nv\" itemprop=\"image\" height=\"3500\" width=\"2000\" title=\"terresblanches nv\" onerror=\"this.style.display='none'\"  \/>\n\t\t\t\t<\/a>\n<h4><a href=\"https:\/\/pascaljolivet.com\/de\/produkte\/weine\/sancerre\/pouilly-fume-terres-blanches-sauvignon-blanc\/\" target=\"_self\">Pouilly Fum\u00e9 \u00ab\u00a0Terres Blanches\u00a0\u00bb<\/a><\/h4>\t\n<h2>\n\t\tAusgewogenheit, Frische und Pr\u00e4zision: der Stil von Pascal Jolivet\n\t<\/h2>\n\tWenn Terroir, Know-how und Geduld die Komplexit\u00e4t von Sauvignon Blanc und Pinot Noir freilegen und hervorheben.<br \/>\n\u201eTalent und Geschmack reichen nicht aus, nur Stil z\u00e4hlt\u201c P. Cardin\n\t\t\t\t<a href=\"\/de\/weine\/attitude\/\"  target=\"_self\" itemprop=\"url\">\n\t\t\t\t<img loading=\"lazy\" decoding=\"async\" src=\"https:\/\/pascaljolivet.com\/wp-content\/uploads\/2017\/01\/cta-gamme2021-attitude.jpg\" alt=\"cta-gamme2021-Einstellung\" itemprop=\"image\" height=\"792\" width=\"1116\" title=\"cta-gamme2021-Einstellung\" onerror=\"this.style.display='none'\"  \/>\n\t\t\t\t<\/a>\n\t<p>Das Loiretal ist eine Region reich an Geschichte und Kulturerbe. Unser Anwesen ist von den Schl\u00f6ssern Cheverny und Chambord umgeben.<\/p>\n\t\t\t\t<a href=\"\/de\/weine\/sancerre-pouilly-fume\/\"  target=\"_self\" itemprop=\"url\">\n\t\t\t\t<img loading=\"lazy\" decoding=\"async\" src=\"https:\/\/pascaljolivet.com\/wp-content\/uploads\/2017\/01\/cta-gamme2021-sancerre.jpg\" alt=\"cta-gamme2021-sancerre\" itemprop=\"image\" height=\"792\" width=\"1116\" title=\"cta-gamme2021-sancerre\" onerror=\"this.style.display='none'\"  \/>\n\t\t\t\t<\/a>\n\t<p>Zwei Rebsorten, drei Terroirs und ausschlie\u00dflich nat\u00fcrliche Weinbereitung. Wir offenbaren den einzigartigen Ausdruck unserer Sancerre- und Pouilly-Fum\u00e9-Weine.<\/p>\n\t\t\t\t<a href=\"https:\/\/pascaljolivet.com\/de\/weine\/hugel-von-giennois\/\"  target=\"_self\" itemprop=\"url\">\n\t\t\t\t<img loading=\"lazy\" decoding=\"async\" src=\"https:\/\/pascaljolivet.com\/wp-content\/uploads\/2025\/03\/cta-gamme-edition-1.png\" alt=\"CTA-Reihenausgabe\" itemprop=\"image\" height=\"792\" width=\"1116\" title=\"CTA-Reihenausgabe\" onerror=\"this.style.display='none'\"  \/>\n\t\t\t\t<\/a>\n\t<p>Unsere neue Marke ist ein erhabener Ausdruck von Sauvignon Blanc und Pinot Noir\/Gamay aus den Weinbergen in der N\u00e4he von Cosne sur Loire.<\/p>","protected":false},"excerpt":{"rendered":"<p>Les Caillottes &#8211; Terres Blanches Chaque terroir a sa propre identit\u00e9, notre \u00abbio\u00advinification\u00bb permet de sublimer leurs qualit\u00e9s et styles. Le Sancerrois se compose de quatre terroirs (dont trois principaux), le Calcaire (40% de l&rsquo;appellation), l&rsquo;Argilo-Calcaire (40% de l&rsquo;appellation), le Silex (15% de l&rsquo;appellation) et Les griottes (5%, Bu\u00e9 et Cr\u00e9zancy). Ces deux vins expriment&hellip;<\/p>","protected":false},"author":2,"featured_media":0,"parent":3580,"menu_order":2,"comment_status":"closed","ping_status":"closed","template":"","meta":{"_acf_changed":false,"_seopress_robots_primary_cat":"","_seopress_titles_title":"","_seopress_titles_desc":"","_seopress_robots_index":"","inline_featured_image":false,"footnotes":""},"class_list":["post-3406","page","type-page","status-publish","hentry"],"acf":[],"_links":{"self":[{"href":"https:\/\/pascaljolivet.com\/de\/wp-json\/wp\/v2\/pages\/3406","targetHints":{"allow":["GET"]}}],"collection":[{"href":"https:\/\/pascaljolivet.com\/de\/wp-json\/wp\/v2\/pages"}],"about":[{"href":"https:\/\/pascaljolivet.com\/de\/wp-json\/wp\/v2\/types\/page"}],"author":[{"embeddable":true,"href":"https:\/\/pascaljolivet.com\/de\/wp-json\/wp\/v2\/users\/2"}],"replies":[{"embeddable":true,"href":"https:\/\/pascaljolivet.com\/de\/wp-json\/wp\/v2\/comments?post=3406"}],"version-history":[{"count":2,"href":"https:\/\/pascaljolivet.com\/de\/wp-json\/wp\/v2\/pages\/3406\/revisions"}],"predecessor-version":[{"id":92564,"href":"https:\/\/pascaljolivet.com\/de\/wp-json\/wp\/v2\/pages\/3406\/revisions\/92564"}],"up":[{"embeddable":true,"href":"https:\/\/pascaljolivet.com\/de\/wp-json\/wp\/v2\/pages\/3580"}],"wp:attachment":[{"href":"https:\/\/pascaljolivet.com\/de\/wp-json\/wp\/v2\/media?parent=3406"}],"curies":[{"name":"wp","href":"https:\/\/api.w.org\/{rel}","templated":true}]}}