{"id":3339,"date":"2017-01-31T10:57:25","date_gmt":"2017-01-31T09:57:25","guid":{"rendered":"http:\/\/dev.bikloz.net\/?page_id=3339"},"modified":"2025-04-03T12:56:19","modified_gmt":"2025-04-03T11:56:19","slug":"unterschrift","status":"publish","type":"page","link":"https:\/\/pascaljolivet.com\/de\/vins\/sancerre-pouilly-fume\/signature\/","title":{"rendered":"Unterschrift"},"content":{"rendered":"<h1>\n\t\tUnterschrift\n\t<\/h1>\n\t<p>Le style de la gamme \u00ab\u00a0Signature\u00a0\u00bb est le fruit d&rsquo;un travail minutieux par gravit\u00e9 depuis la r\u00e9ception des raisins jusqu&rsquo;\u00e0 la mise en bouteille. \u00a0L&rsquo;origine des diff\u00e9rents terroirs &#8211; calcaires, argiles et silex, les levures 100 % indig\u00e8nes et les fermentations lentes produisent des vins d&rsquo;une finesse et d&rsquo;une min\u00e9ralit\u00e9 uniques avec une acidit\u00e9 toujours extr\u00eamement bien int\u00e9gr\u00e9e.<\/p>\n\t\t\t\t<a href=\"https:\/\/pascaljolivet.com\/de\/produkte\/weine\/unterschrift\/sancerre-weiser-signatur-aop-sancerre\/\"  target=\"_self\" itemprop=\"url\">\n\t\t\t\t<img loading=\"lazy\" decoding=\"async\" src=\"https:\/\/pascaljolivet.com\/wp-content\/uploads\/2025\/04\/signature-sancerre-blanc-nv-650x1550-1.png\" alt=\"Signatur Sancerre Blanc NV 650x1550\" itemprop=\"image\" height=\"1550\" width=\"650\" title=\"Signatur Sancerre Blanc NV 650x1550\" onerror=\"this.style.display='none'\"  \/>\n\t\t\t\t<\/a>\n<h4><a href=\"https:\/\/pascaljolivet.com\/de\/produkte\/weine\/unterschrift\/sancerre-weiser-signatur-aop-sancerre\/\" target=\"_self\">Sancerre Wei\u00df<\/a><\/h4>\t\n\t\t\t\t<a href=\"https:\/\/pascaljolivet.com\/de\/produkte\/weine\/unterschrift\/weiser-rauch\/\"  target=\"_self\" itemprop=\"url\">\n\t\t\t\t<img loading=\"lazy\" decoding=\"async\" src=\"https:\/\/pascaljolivet.com\/wp-content\/uploads\/2025\/04\/signature-blancfume-nv-650x1550-1.png\" alt=\"Signatur Blancfume NV 650x1550\" itemprop=\"image\" height=\"1550\" width=\"650\" title=\"Signatur Blancfume NV 650x1550\" onerror=\"this.style.display='none'\"  \/>\n\t\t\t\t<\/a>\n<h4><a href=\"https:\/\/pascaljolivet.com\/de\/produkte\/weine\/unterschrift\/weiser-rauch\/\" target=\"_self\">Ger\u00e4uchertes Wei\u00df<\/a><\/h4>\t\n\t\t\t\t<a href=\"https:\/\/pascaljolivet.com\/de\/produkte\/weine\/unterschrift\/sancerre-rose-signature\/\"  target=\"_self\" itemprop=\"url\">\n\t\t\t\t<img loading=\"lazy\" decoding=\"async\" src=\"https:\/\/pascaljolivet.com\/wp-content\/uploads\/2025\/04\/signature-sancerre-rose-nv-650x1550-1.png\" alt=\"Signatur Sancerre Ros\u00e9 NV 650x1550\" itemprop=\"image\" height=\"1550\" width=\"650\" title=\"Signatur Sancerre Ros\u00e9 NV 650x1550\" onerror=\"this.style.display='none'\"  \/>\n\t\t\t\t<\/a>\n<h4><a href=\"https:\/\/pascaljolivet.com\/de\/produkte\/weine\/unterschrift\/sancerre-rose-signature\/\" target=\"_self\">Sancerre Ros\u00e9<\/a><\/h4>\t\n\t\t\t\t<a href=\"https:\/\/pascaljolivet.com\/de\/produkte\/weine\/unterschrift\/sancerre-rotwein-signatur\/\"  target=\"_self\" itemprop=\"url\">\n\t\t\t\t<img loading=\"lazy\" decoding=\"async\" src=\"https:\/\/pascaljolivet.com\/wp-content\/uploads\/2025\/04\/signature-sancerre-rouge-nv-650x1550-1.png\" alt=\"Signatur Sancerre Rouge NV 650x1550\" itemprop=\"image\" height=\"1550\" width=\"650\" title=\"Signatur Sancerre Rouge NV 650x1550\" onerror=\"this.style.display='none'\"  \/>\n\t\t\t\t<\/a>\n<h4><a href=\"https:\/\/pascaljolivet.com\/de\/produkte\/weine\/unterschrift\/sancerre-rotwein-signatur\/\" target=\"_self\">Sancerre Rot<\/a><\/h4>\t\n<h2>\n\t\tAusgewogenheit, Frische und Pr\u00e4zision: der Stil von Pascal Jolivet\n\t<\/h2>\n\tWenn Terroir, Know-how und Geduld die Komplexit\u00e4t von Sauvignon Blanc und Pinot Noir freilegen und hervorheben.<br \/>\n\u201eTalent und Geschmack reichen nicht aus, nur Stil z\u00e4hlt\u201c P. Cardin\n\t\t\t\t<a href=\"\/de\/weine\/attitude\/\"  target=\"_self\" itemprop=\"url\">\n\t\t\t\t<img loading=\"lazy\" decoding=\"async\" src=\"https:\/\/pascaljolivet.com\/wp-content\/uploads\/2017\/01\/cta-gamme2021-attitude.jpg\" alt=\"cta-gamme2021-Einstellung\" itemprop=\"image\" height=\"792\" width=\"1116\" title=\"cta-gamme2021-Einstellung\" onerror=\"this.style.display='none'\"  \/>\n\t\t\t\t<\/a>\n\t<p>Das Loiretal ist eine Region reich an Geschichte und Kulturerbe. Unser Anwesen ist von den Schl\u00f6ssern Cheverny und Chambord umgeben.<\/p>\n\t\t\t\t<a href=\"\/de\/weine\/sancerre-pouilly-fume\/\"  target=\"_self\" itemprop=\"url\">\n\t\t\t\t<img loading=\"lazy\" decoding=\"async\" src=\"https:\/\/pascaljolivet.com\/wp-content\/uploads\/2017\/01\/cta-gamme2021-sancerre.jpg\" alt=\"cta-gamme2021-sancerre\" itemprop=\"image\" height=\"792\" width=\"1116\" title=\"cta-gamme2021-sancerre\" onerror=\"this.style.display='none'\"  \/>\n\t\t\t\t<\/a>\n\t<p>Zwei Rebsorten, drei Terroirs und ausschlie\u00dflich nat\u00fcrliche Weinbereitung. Wir offenbaren den einzigartigen Ausdruck unserer Sancerre- und Pouilly-Fum\u00e9-Weine.<\/p>\n\t\t\t\t<a href=\"https:\/\/pascaljolivet.com\/de\/weine\/hugel-von-giennois\/\"  target=\"_self\" itemprop=\"url\">\n\t\t\t\t<img loading=\"lazy\" decoding=\"async\" src=\"https:\/\/pascaljolivet.com\/wp-content\/uploads\/2025\/03\/cta-gamme-edition-1.png\" alt=\"CTA-Reihenausgabe\" itemprop=\"image\" height=\"792\" width=\"1116\" title=\"CTA-Reihenausgabe\" onerror=\"this.style.display='none'\"  \/>\n\t\t\t\t<\/a>\n\t<p>Unsere neue Marke ist ein erhabener Ausdruck von Sauvignon Blanc und Pinot Noir\/Gamay aus den Weinbergen in der N\u00e4he von Cosne sur Loire.<\/p>","protected":false},"excerpt":{"rendered":"<p>signature Le style de la gamme \u00ab\u00a0Signature\u00a0\u00bb est le fruit d&rsquo;un travail minutieux par gravit\u00e9 depuis la r\u00e9ception des raisins jusqu&rsquo;\u00e0 la mise en bouteille. \u00a0L&rsquo;origine des diff\u00e9rents terroirs &#8211; calcaires, argiles et silex, les levures 100 % indig\u00e8nes et les fermentations lentes produisent des vins d&rsquo;une finesse et d&rsquo;une min\u00e9ralit\u00e9 uniques avec une acidit\u00e9&hellip;<\/p>","protected":false},"author":2,"featured_media":0,"parent":3580,"menu_order":0,"comment_status":"closed","ping_status":"closed","template":"","meta":{"_acf_changed":false,"_seopress_robots_primary_cat":"","_seopress_titles_title":"","_seopress_titles_desc":"","_seopress_robots_index":"","inline_featured_image":false,"footnotes":""},"class_list":["post-3339","page","type-page","status-publish","hentry"],"acf":[],"_links":{"self":[{"href":"https:\/\/pascaljolivet.com\/de\/wp-json\/wp\/v2\/pages\/3339","targetHints":{"allow":["GET"]}}],"collection":[{"href":"https:\/\/pascaljolivet.com\/de\/wp-json\/wp\/v2\/pages"}],"about":[{"href":"https:\/\/pascaljolivet.com\/de\/wp-json\/wp\/v2\/types\/page"}],"author":[{"embeddable":true,"href":"https:\/\/pascaljolivet.com\/de\/wp-json\/wp\/v2\/users\/2"}],"replies":[{"embeddable":true,"href":"https:\/\/pascaljolivet.com\/de\/wp-json\/wp\/v2\/comments?post=3339"}],"version-history":[{"count":3,"href":"https:\/\/pascaljolivet.com\/de\/wp-json\/wp\/v2\/pages\/3339\/revisions"}],"predecessor-version":[{"id":92561,"href":"https:\/\/pascaljolivet.com\/de\/wp-json\/wp\/v2\/pages\/3339\/revisions\/92561"}],"up":[{"embeddable":true,"href":"https:\/\/pascaljolivet.com\/de\/wp-json\/wp\/v2\/pages\/3580"}],"wp:attachment":[{"href":"https:\/\/pascaljolivet.com\/de\/wp-json\/wp\/v2\/media?parent=3339"}],"curies":[{"name":"wp","href":"https:\/\/api.w.org\/{rel}","templated":true}]}}